{"id":9494,"date":"2022-12-21T11:26:38","date_gmt":"2022-12-21T11:26:38","guid":{"rendered":"https:\/\/www.fereastrawin.ro\/politica-de-confidentialitate\/"},"modified":"2024-04-11T23:55:53","modified_gmt":"2024-04-11T23:55:53","slug":"politica-de-confidentialitate","status":"publish","type":"page","link":"https:\/\/www.fereastrawin.ro\/it\/politica-de-confidentialitate\/","title":{"rendered":"Informativa sulla privacy"},"content":{"rendered":"\n<p>La protezione dei dati personali, cos\u00ec come la riservatezza, \u00e8 una preoccupazione permanente per S.C. WIN IMPEX S.R.L. di seguito denominata &#8220;Noi&#8221;. Fin dall&#8217;inizio, la protezione dei dati e la sicurezza delle informazioni fanno parte della nostra politica aziendale interna.<\/p>\n\n<p>Di conseguenza, ci impegniamo a raccogliere e trattare i dati che ci fornite in conformit\u00e0 alle leggi in vigore nel nostro Paese, compreso il Regolamento (UE) 2016\/679 relativo alla protezione delle persone fisiche con riguardo al trattamento dei dati personali, nonch\u00e9 alla libera circolazione di tali dati (&#8220;GDPR&#8221;).<\/p>\n\n<p>Pertanto, tenendo conto del regolamento e delle disposizioni entrate in vigore il 25 maggio 2018, definiamo e consideriamo dati personali qualsiasi informazione che porti all&#8217;identificazione di una persona fisica. Di conseguenza, consideriamo identificabile una persona che pu\u00f2 essere identificata direttamente o indirettamente con riferimento a un numero di identificazione o a uno o pi\u00f9 fattori specifici della sua identit\u00e0 fisica, psicologica, mentale, economica, culturale o sociale.<\/p>\n\n<p>La presente informativa sulla privacy riguarda i dati personali di partner, clienti e altre persone che visitano il nostro sito web www.fereastrawin.ro o che ci contattano.<\/p>\n\n<p>Attraverso questa informativa vi informiamo sullo scopo per cui vengono raccolti i dati, sulla base del trattamento dei dati, sui tipi e sulle categorie di dati raccolti, sulla durata del trattamento, sui diritti degli utenti, sulle persone a cui comunichiamo i dati personali.<\/p>\n\n<p>Finalit\u00e0 e base del trattamento e dell&#8217;elaborazione dei dati personali: al fine di interagire con i contenuti del nostro sito web, in quanto individuo, potreste essere soggetti ad attivit\u00e0 di elaborazione dei dati. Pertanto, i nostri utenti possono svolgere i seguenti ruoli:<\/p>\n\n<p>Clienti<\/p>\n\n<p>1.1 Il processo di vendita<\/p>\n\n<p>Per potervi fornire i prodotti e i servizi da voi richiesti, abbiamo bisogno dei vostri dati personali. Vengono utilizzati anche per la stesura dei certificati di garanzia, in modo che possiate beneficiare di un&#8217;esperienza di acquisto equa ed efficiente. In questo caso, quindi, ci basiamo sul processo di vendita o sul contratto stipulato come base per il trattamento dei dati che ci fornite.<\/p>\n\n<p>1.2 Comunicazione efficace<\/p>\n\n<p>Utilizziamo i vostri dati per comunicare in modo semplice ed efficiente gli ordini che intendete effettuare. La base che utilizziamo \u00e8 l&#8217;intero contratto o processo di vendita-acquisto effettuato online o offline.<\/p>\n\n<p>1.3 Conformit\u00e0 agli obblighi di legge<\/p>\n\n<p>Vi informiamo che possiamo utilizzare ed elaborare i vostri dati per fornirvi i prodotti o i servizi che ci avete richiesto, tenendo sempre conto degli obblighi di legge. L&#8217;obbligo legale \u00e8 la base su cui ci basiamo.<\/p>\n\n<p>1.4 Campagne di newsletter<\/p>\n\n<p>Potremmo utilizzare i dati personali da voi forniti per inviarvi le nostre offerte o altre informazioni sulla nostra attivit\u00e0 attraverso le nostre campagne di newsletter online. Tuttavia, abbiamo detto che lo facciamo solo se vi siete abbonati al nostro servizio. In questo modo, abbiamo il vostro esplicito consenso. Allo stesso tempo, abbiamo ricordato che \u00e8 possibile revocare il proprio consenso in qualsiasi momento, ovvero cancellarsi dal servizio di newsletter offerto, semplicemente inviando un&#8217;e-mail a: monicamihalache@wingrup.ro.<\/p>\n\n<p>Le categorie di dati che raccogliamo in qualit\u00e0 di cliente sono le seguenti: nome, cognome, indirizzo, numero di telefono, e-mail e altri dati forniti direttamente dall&#8217;utente.<\/p>\n\n<p>Rappresentante, referente, dipendente o collaboratore del cliente o potenziale cliente<\/p>\n\n<p>1.1 Il processo di vendita<\/p>\n\n<p>Utilizziamo i dati personali da voi forniti per potervi fornire gli ordini di prodotti o servizi che avete liberamente ed espressamente richiesto. Utilizziamo i vostri dati personali anche per gestire il rapporto con i clienti che avete scelto di rappresentare. Il legittimo interesse alla fornitura dei nostri servizi \u00e8 la base su cui ci basiamo in questo caso.<\/p>\n\n<p>1.2 Comunicazione efficace<\/p>\n\n<p>Utilizziamo i vostri dati personali per poter comunicare facilmente con voi in relazione alle richieste che ci avete inviato o per fornirvi altre informazioni commerciali pertinenti.<\/p>\n\n<p>1.3 Conformit\u00e0 agli obblighi di legge<\/p>\n\n<p>Vi informiamo che possiamo utilizzare ed elaborare i vostri dati per fornirvi i prodotti o i servizi che ci avete richiesto, tenendo sempre conto degli obblighi di legge. L&#8217;obbligo legale \u00e8 la base su cui ci basiamo.<\/p>\n\n<p>1.4 Campagne di newsletter<\/p>\n\n<p>Potremmo utilizzare i dati personali da voi forniti per inviarvi le nostre offerte o altre informazioni sulla nostra attivit\u00e0 attraverso le nostre campagne di newsletter online. Tuttavia, ricordiamo che svolgiamo questa attivit\u00e0 solo se l&#8217;utente si \u00e8 iscritto al nostro servizio. In questo modo, abbiamo il vostro esplicito consenso. Ricordiamo inoltre che \u00e8 possibile revocare il proprio consenso, ovvero cancellarsi dal servizio di newsletter offerto, in qualsiasi momento semplicemente inviando un&#8217;e-mail a: monicamihalache@wingrup.ro.<\/p>\n\n<p>Le categorie di dati che raccogliamo sono le seguenti: nome, cognome, indirizzo, numero di telefono, e-mail e altri dati che ci fornite direttamente.<\/p>\n\n<p>Partner commerciale o rappresentante di un partner commerciale<\/p>\n\n<p>1.1 Esecuzione dei rapporti contrattuali<\/p>\n\n<p>Al fine di mantenere il rapporto contrattuale, utilizziamo i dati personali che ci fornite. Pertanto, la base su cui agiamo \u00e8 il contratto che avete firmato di comune accordo.<\/p>\n\n<p>1.2 Comunicazione efficace<\/p>\n\n<p>Utilizziamo i dati personali forniti dall&#8217;utente per comunicare eventuali questioni commerciali rilevanti. La base su cui operiamo \u00e8 l&#8217;intero contratto che abbiamo con voi.<\/p>\n\n<p>1.3 Conformit\u00e0 agli obblighi di legge<\/p>\n\n<p>Vi informiamo che possiamo utilizzare ed elaborare i vostri dati per fornirvi i prodotti o i servizi che ci avete richiesto, tenendo sempre conto degli obblighi di legge. L&#8217;obbligo legale \u00e8 la base su cui ci basiamo.<\/p>\n\n<p>Le categorie di dati che raccogliamo sono le seguenti: nome, cognome, indirizzo, numero di telefono, e-mail e altri dati che ci fornite direttamente.<\/p>\n\n<p>Candidato per un lavoro<\/p>\n\n<p>Vi informiamo che utilizziamo i dati personali che ci fornite inviando il vostro CV. online o offline per valutare le vostre qualifiche e decidere se siete adatti a una posizione presso la nostra azienda. Il trattamento dei dati personali forniti sar\u00e0 effettuato nel caso in cui Lei venga selezionato per la posizione da noi offerta, al fine di redigere il contratto di lavoro e di ottemperare alle disposizioni di legge.<\/p>\n\n<p>Le categorie di dati trattati sono nome, indirizzo e-mail, numero di telefono e altri dati personali inseriti nel CV.<\/p>\n\n<p>Visitatore presso la sede della nostra azienda<\/p>\n\n<p>Utilizziamo i vostri dati personali per garantire la sicurezza dei nostri locali, dei nostri beni e del nostro personale. In questo caso, la base su cui agiamo \u00e8 il legittimo interesse.<\/p>\n\n<p>Le categorie di dati trattati sono i nomi, le immagini catturate dalle telecamere di sorveglianza e altri dati personali che ci vengono forniti direttamente dall&#8217;utente.<\/p>\n\n<p>Utente del nostro sito web<\/p>\n\n<p>Utilizziamo i dati personali raccolti per migliorare l&#8217;esperienza online offerta dalla navigazione sul nostro sito. Inoltre, monitoriamo il traffico per compilare rapporti statistici e capire quali contenuti online preferite o trovate utili. Questa attivit\u00e0 si basa su un interesse legittimo che contribuisce al corretto funzionamento del sito.<\/p>\n\n<p>Divulgazione dei dati personali<\/p>\n\n<p>Ci impegniamo a non divulgare i vostri dati personali a terzi. Tuttavia, notiamo che a volte possono verificarsi delle eccezioni. In determinate situazioni, i dati personali devono essere comunicati a partner o collaboratori. Ad esempio, quando si effettua un ordine online, dobbiamo consegnarlo ai corrieri affinch\u00e9 si occupino della consegna.<\/p>\n\n<p>Tempo di elaborazione<\/p>\n\n<p>\u00c8 nostra intenzione conservare i vostri dati per il tempo necessario. Pertanto, rispettiamo la durata del contratto sottoscritto, e quindi conserviamo i dati per tutto il tempo previsto dagli obblighi in vigore.<\/p>\n\n<p>E se lo scopo della raccolta dei dati non \u00e8 quello di concludere un contratto di vendita o di collaborazione, i dati saranno conservati solo per il tempo necessario a soddisfare lo scopo per cui sono stati raccolti.<\/p>\n\n<p>Alla luce della normativa vigente, vi informiamo che avete i seguenti diritti che potete esercitare senza limitazioni:<\/p>\n\n<p>&#8211; Accesso ai dati personali in nostro possesso;<\/p>\n\n<p>&#8211; Correzione dei dati personali che ci avete fornito;<\/p>\n\n<p>&#8211; Revoca del consenso al trattamento dei dati personali;<\/p>\n\n<p>&#8211; Obiezione al conferimento dei dati personali;<\/p>\n\n<p>&#8211; La possibilit\u00e0 di ricorrere all&#8217;Autorit\u00e0 di controllo nazionale per il trattamento dei dati personali o ad altri tribunali competenti, qualora lo si ritenga necessario.<\/p>\n\n<p>Per quanto riguarda il servizio di newsletter che forniamo, \u00e8 bene che sappiate che vi offriamo la possibilit\u00e0 di annullare l&#8217;iscrizione in qualsiasi momento lo desideriate, tramite l&#8217;opzione &#8220;Annullamento dell&#8217;iscrizione&#8221; o &#8220;Cancellazione dell&#8217;iscrizione&#8221;.<\/p>\n\n<p>Se ritenete che le informazioni fornite sopra siano contrarie alle vostre preferenze o ai vostri principi, siete pregati di non utilizzare il sito web e di non fornire dati personali. Tuttavia, si noti che alcuni servizi, come le vendite, sono subordinati alla raccolta di questi dati.<\/p>\n\n<p>Se ritenete di aver bisogno di maggiori dettagli su come la nostra azienda tratta i dati personali, inviateci una richiesta all&#8217;indirizzo monicamihalache@wingrup.ro e vi risponderemo al pi\u00f9 presto.<\/p>\n\n<p>Ci impegniamo a prendere sul serio le vostre richieste.<\/p>\n","protected":false},"excerpt":{"rendered":"<p>La protezione dei dati personali, cos\u00ec come la riservatezza, \u00e8 una preoccupazione permanente per S.C. WIN IMPEX S.R.L. di seguito denominata &#8220;Noi&#8221;. Fin dall&#8217;inizio, la protezione dei dati e la sicurezza delle informazioni fanno parte della nostra politica aziendale interna. Di conseguenza, ci impegniamo a raccogliere e trattare i dati che ci fornite in conformit\u00e0 [&hellip;]<\/p>\n","protected":false},"author":4,"featured_media":0,"parent":0,"menu_order":0,"comment_status":"closed","ping_status":"open","template":"","meta":{"footnotes":""},"class_list":["post-9494","page","type-page","status-publish","hentry"],"yoast_head":"<!-- This site is optimized with the Yoast SEO plugin v27.3 - https:\/\/yoast.com\/product\/yoast-seo-wordpress\/ -->\n<title>Informativa sulla privacy - Fereastra WIN<\/title>\n<meta name=\"robots\" content=\"index, follow, max-snippet:-1, max-image-preview:large, max-video-preview:-1\" \/>\n<link rel=\"canonical\" href=\"https:\/\/www.fereastrawin.ro\/it\/politica-de-confidentialitate\/\" \/>\n<meta property=\"og:locale\" content=\"it_IT\" \/>\n<meta property=\"og:type\" content=\"article\" \/>\n<meta property=\"og:title\" content=\"Informativa sulla privacy - Fereastra WIN\" \/>\n<meta property=\"og:description\" content=\"La protezione dei dati personali, cos\u00ec come la riservatezza, \u00e8 una preoccupazione permanente per S.C. WIN IMPEX S.R.L. di seguito denominata &#8220;Noi&#8221;. Fin dall&#8217;inizio, la protezione dei dati e la sicurezza delle informazioni fanno parte della nostra politica aziendale interna. Di conseguenza, ci impegniamo a raccogliere e trattare i dati che ci fornite in conformit\u00e0 [&hellip;]\" \/>\n<meta property=\"og:url\" content=\"https:\/\/www.fereastrawin.ro\/it\/politica-de-confidentialitate\/\" \/>\n<meta property=\"og:site_name\" content=\"Fereastra WIN\" \/>\n<meta property=\"article:publisher\" content=\"https:\/\/www.facebook.com\/fereastrawinofficial\/\" \/>\n<meta property=\"article:modified_time\" content=\"2024-04-11T23:55:53+00:00\" \/>\n<meta name=\"twitter:card\" content=\"summary_large_image\" \/>\n<meta name=\"twitter:label1\" content=\"Tempo di lettura stimato\" \/>\n\t<meta name=\"twitter:data1\" content=\"7 minuti\" \/>\n<script type=\"application\/ld+json\" class=\"yoast-schema-graph\">{\"@context\":\"https:\\\/\\\/schema.org\",\"@graph\":[{\"@type\":\"WebPage\",\"@id\":\"https:\\\/\\\/www.fereastrawin.ro\\\/it\\\/politica-de-confidentialitate\\\/\",\"url\":\"https:\\\/\\\/www.fereastrawin.ro\\\/it\\\/politica-de-confidentialitate\\\/\",\"name\":\"Informativa sulla privacy - Fereastra WIN\",\"isPartOf\":{\"@id\":\"https:\\\/\\\/www.fereastrawin.ro\\\/it\\\/#website\"},\"datePublished\":\"2022-12-21T11:26:38+00:00\",\"dateModified\":\"2024-04-11T23:55:53+00:00\",\"breadcrumb\":{\"@id\":\"https:\\\/\\\/www.fereastrawin.ro\\\/it\\\/politica-de-confidentialitate\\\/#breadcrumb\"},\"inLanguage\":\"it-IT\",\"potentialAction\":[{\"@type\":\"ReadAction\",\"target\":[\"https:\\\/\\\/www.fereastrawin.ro\\\/it\\\/politica-de-confidentialitate\\\/\"]}]},{\"@type\":\"BreadcrumbList\",\"@id\":\"https:\\\/\\\/www.fereastrawin.ro\\\/it\\\/politica-de-confidentialitate\\\/#breadcrumb\",\"itemListElement\":[{\"@type\":\"ListItem\",\"position\":1,\"name\":\"Home\",\"item\":\"https:\\\/\\\/www.fereastrawin.ro\\\/it\\\/\"},{\"@type\":\"ListItem\",\"position\":2,\"name\":\"Informativa sulla privacy\"}]},{\"@type\":\"WebSite\",\"@id\":\"https:\\\/\\\/www.fereastrawin.ro\\\/it\\\/#website\",\"url\":\"https:\\\/\\\/www.fereastrawin.ro\\\/it\\\/\",\"name\":\"Fereastra WIN\",\"description\":\"\",\"publisher\":{\"@id\":\"https:\\\/\\\/www.fereastrawin.ro\\\/it\\\/#organization\"},\"potentialAction\":[{\"@type\":\"SearchAction\",\"target\":{\"@type\":\"EntryPoint\",\"urlTemplate\":\"https:\\\/\\\/www.fereastrawin.ro\\\/it\\\/?s={search_term_string}\"},\"query-input\":{\"@type\":\"PropertyValueSpecification\",\"valueRequired\":true,\"valueName\":\"search_term_string\"}}],\"inLanguage\":\"it-IT\"},{\"@type\":\"Organization\",\"@id\":\"https:\\\/\\\/www.fereastrawin.ro\\\/it\\\/#organization\",\"name\":\"Fereastra WIN\",\"url\":\"https:\\\/\\\/www.fereastrawin.ro\\\/it\\\/\",\"logo\":{\"@type\":\"ImageObject\",\"inLanguage\":\"it-IT\",\"@id\":\"https:\\\/\\\/www.fereastrawin.ro\\\/it\\\/#\\\/schema\\\/logo\\\/image\\\/\",\"url\":\"https:\\\/\\\/www.fereastrawin.ro\\\/wp-content\\\/uploads\\\/2024\\\/03\\\/logo_new.png\",\"contentUrl\":\"https:\\\/\\\/www.fereastrawin.ro\\\/wp-content\\\/uploads\\\/2024\\\/03\\\/logo_new.png\",\"width\":167,\"height\":81,\"caption\":\"Fereastra WIN\"},\"image\":{\"@id\":\"https:\\\/\\\/www.fereastrawin.ro\\\/it\\\/#\\\/schema\\\/logo\\\/image\\\/\"},\"sameAs\":[\"https:\\\/\\\/www.facebook.com\\\/fereastrawinofficial\\\/\"]}]}<\/script>\n<!-- \/ Yoast SEO plugin. -->","yoast_head_json":{"title":"Informativa sulla privacy - Fereastra WIN","robots":{"index":"index","follow":"follow","max-snippet":"max-snippet:-1","max-image-preview":"max-image-preview:large","max-video-preview":"max-video-preview:-1"},"canonical":"https:\/\/www.fereastrawin.ro\/it\/politica-de-confidentialitate\/","og_locale":"it_IT","og_type":"article","og_title":"Informativa sulla privacy - Fereastra WIN","og_description":"La protezione dei dati personali, cos\u00ec come la riservatezza, \u00e8 una preoccupazione permanente per S.C. WIN IMPEX S.R.L. di seguito denominata &#8220;Noi&#8221;. Fin dall&#8217;inizio, la protezione dei dati e la sicurezza delle informazioni fanno parte della nostra politica aziendale interna. Di conseguenza, ci impegniamo a raccogliere e trattare i dati che ci fornite in conformit\u00e0 [&hellip;]","og_url":"https:\/\/www.fereastrawin.ro\/it\/politica-de-confidentialitate\/","og_site_name":"Fereastra WIN","article_publisher":"https:\/\/www.facebook.com\/fereastrawinofficial\/","article_modified_time":"2024-04-11T23:55:53+00:00","twitter_card":"summary_large_image","twitter_misc":{"Tempo di lettura stimato":"7 minuti"},"schema":{"@context":"https:\/\/schema.org","@graph":[{"@type":"WebPage","@id":"https:\/\/www.fereastrawin.ro\/it\/politica-de-confidentialitate\/","url":"https:\/\/www.fereastrawin.ro\/it\/politica-de-confidentialitate\/","name":"Informativa sulla privacy - Fereastra WIN","isPartOf":{"@id":"https:\/\/www.fereastrawin.ro\/it\/#website"},"datePublished":"2022-12-21T11:26:38+00:00","dateModified":"2024-04-11T23:55:53+00:00","breadcrumb":{"@id":"https:\/\/www.fereastrawin.ro\/it\/politica-de-confidentialitate\/#breadcrumb"},"inLanguage":"it-IT","potentialAction":[{"@type":"ReadAction","target":["https:\/\/www.fereastrawin.ro\/it\/politica-de-confidentialitate\/"]}]},{"@type":"BreadcrumbList","@id":"https:\/\/www.fereastrawin.ro\/it\/politica-de-confidentialitate\/#breadcrumb","itemListElement":[{"@type":"ListItem","position":1,"name":"Home","item":"https:\/\/www.fereastrawin.ro\/it\/"},{"@type":"ListItem","position":2,"name":"Informativa sulla privacy"}]},{"@type":"WebSite","@id":"https:\/\/www.fereastrawin.ro\/it\/#website","url":"https:\/\/www.fereastrawin.ro\/it\/","name":"Fereastra WIN","description":"","publisher":{"@id":"https:\/\/www.fereastrawin.ro\/it\/#organization"},"potentialAction":[{"@type":"SearchAction","target":{"@type":"EntryPoint","urlTemplate":"https:\/\/www.fereastrawin.ro\/it\/?s={search_term_string}"},"query-input":{"@type":"PropertyValueSpecification","valueRequired":true,"valueName":"search_term_string"}}],"inLanguage":"it-IT"},{"@type":"Organization","@id":"https:\/\/www.fereastrawin.ro\/it\/#organization","name":"Fereastra WIN","url":"https:\/\/www.fereastrawin.ro\/it\/","logo":{"@type":"ImageObject","inLanguage":"it-IT","@id":"https:\/\/www.fereastrawin.ro\/it\/#\/schema\/logo\/image\/","url":"https:\/\/www.fereastrawin.ro\/wp-content\/uploads\/2024\/03\/logo_new.png","contentUrl":"https:\/\/www.fereastrawin.ro\/wp-content\/uploads\/2024\/03\/logo_new.png","width":167,"height":81,"caption":"Fereastra WIN"},"image":{"@id":"https:\/\/www.fereastrawin.ro\/it\/#\/schema\/logo\/image\/"},"sameAs":["https:\/\/www.facebook.com\/fereastrawinofficial\/"]}]}},"_links":{"self":[{"href":"https:\/\/www.fereastrawin.ro\/it\/wp-json\/wp\/v2\/pages\/9494","targetHints":{"allow":["GET"]}}],"collection":[{"href":"https:\/\/www.fereastrawin.ro\/it\/wp-json\/wp\/v2\/pages"}],"about":[{"href":"https:\/\/www.fereastrawin.ro\/it\/wp-json\/wp\/v2\/types\/page"}],"author":[{"embeddable":true,"href":"https:\/\/www.fereastrawin.ro\/it\/wp-json\/wp\/v2\/users\/4"}],"replies":[{"embeddable":true,"href":"https:\/\/www.fereastrawin.ro\/it\/wp-json\/wp\/v2\/comments?post=9494"}],"version-history":[{"count":0,"href":"https:\/\/www.fereastrawin.ro\/it\/wp-json\/wp\/v2\/pages\/9494\/revisions"}],"wp:attachment":[{"href":"https:\/\/www.fereastrawin.ro\/it\/wp-json\/wp\/v2\/media?parent=9494"}],"curies":[{"name":"wp","href":"https:\/\/api.w.org\/{rel}","templated":true}]}}