{"id":9493,"date":"2022-12-21T11:26:38","date_gmt":"2022-12-21T11:26:38","guid":{"rendered":"https:\/\/www.fereastrawin.ro\/politica-de-confidentialitate\/"},"modified":"2024-04-11T23:55:53","modified_gmt":"2024-04-11T23:55:53","slug":"politica-de-confidentialitate","status":"publish","type":"page","link":"https:\/\/www.fereastrawin.ro\/fr\/politica-de-confidentialitate\/","title":{"rendered":"Politique de confidentialit\u00e9"},"content":{"rendered":"\n<p>La protection des donn\u00e9es personnelles, ainsi que la confidentialit\u00e9, est une pr\u00e9occupation permanente de la S.C. WIN IMPEX S.R.L. ci-apr\u00e8s d\u00e9nomm\u00e9e \u00ab\u00a0Nous\u00a0\u00bb. Depuis le d\u00e9but, la protection des donn\u00e9es et la s\u00e9curit\u00e9 de l&rsquo;information font partie de notre politique interne.<\/p>\n\n<p>Par cons\u00e9quent, nous nous engageons \u00e0 collecter et \u00e0 traiter les donn\u00e9es que vous nous fournissez conform\u00e9ment aux lois en vigueur dans notre pays, y compris le r\u00e8glement (UE) 2016\/679 relatif \u00e0 la protection des personnes physiques \u00e0 l&rsquo;\u00e9gard du traitement des donn\u00e9es \u00e0 caract\u00e8re personnel et \u00e0 la libre circulation de ces donn\u00e9es (\u00a0\u00bb GDPR \u00ab\u00a0).<\/p>\n\n<p>Ainsi, compte tenu du r\u00e8glement et des dispositions entr\u00e9s en vigueur le 25 mai 2018, nous d\u00e9finissons et consid\u00e9rons les donn\u00e9es \u00e0 caract\u00e8re personnel comme toute information permettant d&rsquo;identifier une personne physique. Par cons\u00e9quent, nous consid\u00e9rons qu&rsquo;une personne est identifiable lorsqu&rsquo;elle peut \u00eatre identifi\u00e9e directement ou indirectement par r\u00e9f\u00e9rence \u00e0 un num\u00e9ro d&rsquo;identification ou \u00e0 un ou plusieurs \u00e9l\u00e9ments sp\u00e9cifiques \u00e0 son identit\u00e9 physique, psychologique, mentale, \u00e9conomique, culturelle ou sociale.<\/p>\n\n<p>Cette politique de confidentialit\u00e9 concerne les donn\u00e9es personnelles des partenaires, clients et autres personnes qui visitent notre site web www.fereastrawin.ro ou nous contactent.<\/p>\n\n<p>Par cette politique, nous vous informons de la finalit\u00e9 de la collecte des donn\u00e9es, de la base du traitement des donn\u00e9es, des types et cat\u00e9gories de donn\u00e9es collect\u00e9es, de la dur\u00e9e du traitement, des droits des utilisateurs, des personnes \u00e0 qui nous divulguons les donn\u00e9es \u00e0 caract\u00e8re personnel.<\/p>\n\n<p>Objectif et base du traitement et traitement des donn\u00e9es \u00e0 caract\u00e8re personnel : Afin d&rsquo;interagir avec le contenu de notre site web, en tant qu&rsquo;individu, vous pouvez \u00eatre soumis \u00e0 des activit\u00e9s de traitement des donn\u00e9es. Ainsi, nos utilisateurs peuvent jouer les r\u00f4les suivants :<\/p>\n\n<p>Clients<\/p>\n\n<p>1.1 Le processus de vente<\/p>\n\n<p>Afin de vous fournir les produits et services que vous demandez, nous avons besoin de vos donn\u00e9es personnelles. Ils sont \u00e9galement utilis\u00e9s lors de l&rsquo;\u00e9tablissement des certificats de garantie, afin que vous puissiez b\u00e9n\u00e9ficier d&rsquo;une exp\u00e9rience d&rsquo;achat \u00e9quitable et efficace. Ainsi, dans ce cas, nous nous basons sur le processus de vente ou le contrat \u00e9tabli pour traiter les donn\u00e9es que vous nous fournissez.<\/p>\n\n<p>1.2 Une communication efficace<\/p>\n\n<p>Nous utilisons vos donn\u00e9es pour communiquer facilement et efficacement sur les commandes que vous avez l&rsquo;intention de passer. La base que nous utilisons est l&rsquo;ensemble du contrat ou du processus de vente et d&rsquo;achat effectu\u00e9 en ligne ou hors ligne.<\/p>\n\n<p>1.3 Respect des obligations l\u00e9gales<\/p>\n\n<p>Nous vous informons que nous pouvons utiliser et traiter vos donn\u00e9es afin de vous fournir les produits ou services que vous nous avez demand\u00e9s, en tenant toujours compte des obligations l\u00e9gales. L&rsquo;obligation l\u00e9gale est la base sur laquelle nous nous appuyons.<\/p>\n\n<p>1.4 Campagnes d&rsquo;information<\/p>\n\n<p>Nous pouvons utiliser les donn\u00e9es personnelles que vous nous fournissez pour vous envoyer nos offres ou d&rsquo;autres informations sur nos activit\u00e9s par le biais de nos campagnes de lettres d&rsquo;information en ligne. Toutefois, nous avons pr\u00e9cis\u00e9 que nous ne le faisons que si vous avez souscrit \u00e0 notre service. Nous disposons donc de votre consentement explicite. En m\u00eame temps, nous avons mentionn\u00e9 que vous pouvez retirer votre consentement \u00e0 tout moment, c&rsquo;est-\u00e0-dire vous d\u00e9sinscrire du service de bulletin d&rsquo;information propos\u00e9, en envoyant simplement un e-mail \u00e0 : monicamihalache@wingrup.ro.<\/p>\n\n<p>Les cat\u00e9gories de donn\u00e9es que nous collectons en tant que client sont les suivantes : nom, pr\u00e9nom, adresse, num\u00e9ro de t\u00e9l\u00e9phone, courriel et autres donn\u00e9es que vous nous fournissez directement.<\/p>\n\n<p>Repr\u00e9sentant, personne de contact, employ\u00e9 ou collaborateur du client ou du client potentiel<\/p>\n\n<p>1.1 Le processus de vente<\/p>\n\n<p>Nous utilisons les donn\u00e9es personnelles que vous nous avez fournies afin de pouvoir ex\u00e9cuter les commandes de produits ou de services que vous avez librement et express\u00e9ment demand\u00e9es. Nous utilisons \u00e9galement vos donn\u00e9es personnelles pour g\u00e9rer la relation avec les clients que vous avez choisi de repr\u00e9senter. L&rsquo;int\u00e9r\u00eat l\u00e9gitime dans la fourniture de nos services est la base sur laquelle nous nous appuyons dans ce cas.<\/p>\n\n<p>1.2 Une communication efficace<\/p>\n\n<p>Nous utilisons vos donn\u00e9es personnelles pour pouvoir communiquer facilement avec vous concernant les demandes que vous nous avez envoy\u00e9es ou pour vous fournir toute autre information commerciale pertinente.<\/p>\n\n<p>1.3 Respect des obligations l\u00e9gales<\/p>\n\n<p>Nous vous informons que nous pouvons utiliser et traiter vos donn\u00e9es afin de vous fournir les produits ou services que vous nous avez demand\u00e9s, en tenant toujours compte des obligations l\u00e9gales. L&rsquo;obligation l\u00e9gale est la base sur laquelle nous nous appuyons.<\/p>\n\n<p>1.4 Campagnes d&rsquo;information<\/p>\n\n<p>Nous pouvons utiliser les donn\u00e9es personnelles que vous nous fournissez pour vous envoyer nos offres ou d&rsquo;autres informations sur nos activit\u00e9s par le biais de nos campagnes de lettres d&rsquo;information en ligne. Toutefois, nous notons que nous n&rsquo;effectuons cette activit\u00e9 que si vous vous \u00eates abonn\u00e9 \u00e0 notre service. Nous disposons donc de votre consentement explicite. Nous mentionnons \u00e9galement que vous pouvez retirer votre consentement, c&rsquo;est-\u00e0-dire vous d\u00e9sinscrire du service de newsletter propos\u00e9, \u00e0 tout moment en envoyant simplement un e-mail \u00e0 : monicamihalache@wingrup.ro.<\/p>\n\n<p>Les cat\u00e9gories de donn\u00e9es que nous collectons sont les suivantes : nom, pr\u00e9nom, adresse, num\u00e9ro de t\u00e9l\u00e9phone, e-mail et autres donn\u00e9es que vous nous fournissez directement.<\/p>\n\n<p>Partenaire commercial ou repr\u00e9sentant d&rsquo;un partenaire commercial<\/p>\n\n<p>1.1 Ex\u00e9cution des relations contractuelles<\/p>\n\n<p>Afin de maintenir la relation contractuelle, nous utilisons les donn\u00e9es personnelles que vous nous fournissez. Ainsi, la base sur laquelle nous agissons est le contrat que vous avez sign\u00e9 d&rsquo;un commun accord.<\/p>\n\n<p>1.2 Une communication efficace<\/p>\n\n<p>Nous utilisons les donn\u00e9es personnelles que vous nous fournissez pour communiquer sur toute question commerciale pertinente. La base sur laquelle nous op\u00e9rons est l&rsquo;ensemble du contrat que nous avons conclu avec vous.<\/p>\n\n<p>1.3 Respect des obligations l\u00e9gales<\/p>\n\n<p>Nous vous informons que nous pouvons utiliser et traiter vos donn\u00e9es afin de vous fournir les produits ou services que vous nous avez demand\u00e9s, en tenant toujours compte des obligations l\u00e9gales. L&rsquo;obligation l\u00e9gale est la base sur laquelle nous nous appuyons.<\/p>\n\n<p>Les cat\u00e9gories de donn\u00e9es que nous collectons sont les suivantes : nom, pr\u00e9nom, adresse, num\u00e9ro de t\u00e9l\u00e9phone, e-mail et autres donn\u00e9es que vous nous fournissez directement.<\/p>\n\n<p>Candidat \u00e0 un emploi<\/p>\n\n<p>Nous vous informons que nous utilisons les donn\u00e9es personnelles que vous nous fournissez en soumettant votre CV. en ligne ou hors ligne pour \u00e9valuer vos qualifications et d\u00e9cider si vous \u00eates apte \u00e0 occuper un poste au sein de notre entreprise. Le traitement des donn\u00e9es personnelles fournies sera effectu\u00e9 si vous \u00eates s\u00e9lectionn\u00e9 pour le poste que nous proposons, afin d&rsquo;\u00e9tablir le contrat de travail et de respecter les dispositions l\u00e9gales.<\/p>\n\n<p>Les cat\u00e9gories de donn\u00e9es trait\u00e9es sont le nom, l&rsquo;adresse \u00e9lectronique, le num\u00e9ro de t\u00e9l\u00e9phone et d&rsquo;autres donn\u00e9es personnelles figurant dans le CV.<\/p>\n\n<p>Visiteur au si\u00e8ge de notre entreprise<\/p>\n\n<p>Nous utilisons vos donn\u00e9es personnelles pour assurer la s\u00e9curit\u00e9 de nos locaux, de nos biens et de notre personnel. Dans ce cas, la base sur laquelle nous agissons est l&rsquo;int\u00e9r\u00eat l\u00e9gitime.<\/p>\n\n<p>Les cat\u00e9gories de donn\u00e9es trait\u00e9es sont les noms, les images capt\u00e9es par les cam\u00e9ras de surveillance et d&rsquo;autres donn\u00e9es personnelles que vous nous fournissez directement.<\/p>\n\n<p>Utilisateur de notre site web<\/p>\n\n<p>Nous utilisons les donn\u00e9es personnelles que nous collectons pour am\u00e9liorer l&rsquo;exp\u00e9rience en ligne offerte par la navigation sur notre site web. Nous surveillons \u00e9galement le trafic afin de compiler des rapports statistiques et de comprendre le contenu en ligne que vous pr\u00e9f\u00e9rez ou que vous trouvez utile. Nous fondons cette activit\u00e9 sur l&rsquo;int\u00e9r\u00eat l\u00e9gitime qui contribue au bon fonctionnement du site.<\/p>\n\n<p>Divulgation de donn\u00e9es \u00e0 caract\u00e8re personnel<\/p>\n\n<p>Nous nous engageons \u00e0 ne pas divulguer vos donn\u00e9es personnelles \u00e0 des tiers. Toutefois, nous notons que des exceptions peuvent parfois se produire. Dans certaines situations, les donn\u00e9es personnelles doivent \u00eatre divulgu\u00e9es \u00e0 des partenaires ou \u00e0 des associ\u00e9s. Par exemple, lorsque vous passez une commande en ligne, nous devons la remettre aux transporteurs pour qu&rsquo;ils se chargent de la livraison.<\/p>\n\n<p>D\u00e9lai de traitement<\/p>\n\n<p>Nous avons l&rsquo;intention de conserver vos donn\u00e9es aussi longtemps que n\u00e9cessaire. Ainsi, nous respectons la dur\u00e9e du contrat sign\u00e9, puis conservons les donn\u00e9es aussi longtemps que les obligations en vigueur le pr\u00e9voient.<\/p>\n\n<p>Et si la collecte des donn\u00e9es n&rsquo;a pas pour but de conclure un contrat de vente ou de collaboration, les donn\u00e9es ne seront conserv\u00e9es que le temps n\u00e9cessaire \u00e0 la r\u00e9alisation de l&rsquo;objectif pour lequel elles ont \u00e9t\u00e9 collect\u00e9es.<\/p>\n\n<p>Compte tenu de la l\u00e9gislation en vigueur, nous vous informons que vous disposez des droits suivants que vous pouvez exercer sans restrictions :<\/p>\n\n<p>&#8211; Acc\u00e8s aux donn\u00e9es personnelles que nous d\u00e9tenons \u00e0 votre sujet ;<\/p>\n\n<p>&#8211; Correction des donn\u00e9es personnelles que vous nous avez fournies ;<\/p>\n\n<p>&#8211; Retrait du consentement au traitement des donn\u00e9es \u00e0 caract\u00e8re personnel ;<\/p>\n\n<p>&#8211; Objection \u00e0 la fourniture de donn\u00e9es \u00e0 caract\u00e8re personnel ;<\/p>\n\n<p>&#8211; la possibilit\u00e9 de faire appel \u00e0 l&rsquo;Autorit\u00e9 nationale de contr\u00f4le du traitement des donn\u00e9es \u00e0 caract\u00e8re personnel ou \u00e0 d&rsquo;autres tribunaux comp\u00e9tents si vous le jugez n\u00e9cessaire.<\/p>\n\n<p>En ce qui concerne le service de newsletter que nous proposons, sachez que nous vous offrons la possibilit\u00e9 de vous d\u00e9sinscrire \u00e0 tout moment, via l&rsquo;option \u00ab\u00a0Unsubscribe\u00a0\u00bb ou \u00ab\u00a0Unsubscribe\u00a0\u00bb.<\/p>\n\n<p>Si vous estimez que les informations fournies ci-dessus sont contraires \u00e0 vos pr\u00e9f\u00e9rences ou \u00e0 vos principes, veuillez ne pas utiliser le site web et ne pas fournir de donn\u00e9es personnelles. Toutefois, veuillez noter que certains services, tels que les ventes, sont conditionn\u00e9s par la collecte de ces donn\u00e9es.<\/p>\n\n<p>Si vous pensez avoir besoin de plus de d\u00e9tails sur la mani\u00e8re dont notre soci\u00e9t\u00e9 traite les donn\u00e9es personnelles, veuillez nous envoyer une demande \u00e0 monicamihalache@wingrup.ro et nous vous r\u00e9pondrons dans les plus brefs d\u00e9lais.<\/p>\n\n<p>Nous nous engageons \u00e0 prendre vos demandes au s\u00e9rieux.<\/p>\n","protected":false},"excerpt":{"rendered":"<p>La protection des donn\u00e9es personnelles, ainsi que la confidentialit\u00e9, est une pr\u00e9occupation permanente de la S.C. WIN IMPEX S.R.L. ci-apr\u00e8s d\u00e9nomm\u00e9e \u00ab\u00a0Nous\u00a0\u00bb. Depuis le d\u00e9but, la protection des donn\u00e9es et la s\u00e9curit\u00e9 de l&rsquo;information font partie de notre politique interne. Par cons\u00e9quent, nous nous engageons \u00e0 collecter et \u00e0 traiter les donn\u00e9es que vous nous [&hellip;]<\/p>\n","protected":false},"author":4,"featured_media":0,"parent":0,"menu_order":0,"comment_status":"closed","ping_status":"open","template":"","meta":{"footnotes":""},"class_list":["post-9493","page","type-page","status-publish","hentry"],"yoast_head":"<!-- This site is optimized with the Yoast SEO plugin v27.3 - https:\/\/yoast.com\/product\/yoast-seo-wordpress\/ -->\n<title>Politique de confidentialit\u00e9 - Fereastra WIN<\/title>\n<meta name=\"robots\" content=\"index, follow, max-snippet:-1, max-image-preview:large, max-video-preview:-1\" \/>\n<link rel=\"canonical\" href=\"https:\/\/www.fereastrawin.ro\/fr\/politica-de-confidentialitate\/\" \/>\n<meta property=\"og:locale\" content=\"fr_FR\" \/>\n<meta property=\"og:type\" content=\"article\" \/>\n<meta property=\"og:title\" content=\"Politique de confidentialit\u00e9 - Fereastra WIN\" \/>\n<meta property=\"og:description\" content=\"La protection des donn\u00e9es personnelles, ainsi que la confidentialit\u00e9, est une pr\u00e9occupation permanente de la S.C. WIN IMPEX S.R.L. ci-apr\u00e8s d\u00e9nomm\u00e9e \u00ab\u00a0Nous\u00a0\u00bb. Depuis le d\u00e9but, la protection des donn\u00e9es et la s\u00e9curit\u00e9 de l&rsquo;information font partie de notre politique interne. Par cons\u00e9quent, nous nous engageons \u00e0 collecter et \u00e0 traiter les donn\u00e9es que vous nous [&hellip;]\" \/>\n<meta property=\"og:url\" content=\"https:\/\/www.fereastrawin.ro\/fr\/politica-de-confidentialitate\/\" \/>\n<meta property=\"og:site_name\" content=\"Fereastra WIN\" \/>\n<meta property=\"article:publisher\" content=\"https:\/\/www.facebook.com\/fereastrawinofficial\/\" \/>\n<meta property=\"article:modified_time\" content=\"2024-04-11T23:55:53+00:00\" \/>\n<meta name=\"twitter:card\" content=\"summary_large_image\" \/>\n<meta name=\"twitter:label1\" content=\"Dur\u00e9e de lecture estim\u00e9e\" \/>\n\t<meta name=\"twitter:data1\" content=\"9 minutes\" \/>\n<script type=\"application\/ld+json\" class=\"yoast-schema-graph\">{\"@context\":\"https:\\\/\\\/schema.org\",\"@graph\":[{\"@type\":\"WebPage\",\"@id\":\"https:\\\/\\\/www.fereastrawin.ro\\\/fr\\\/politica-de-confidentialitate\\\/\",\"url\":\"https:\\\/\\\/www.fereastrawin.ro\\\/fr\\\/politica-de-confidentialitate\\\/\",\"name\":\"Politique de confidentialit\u00e9 - Fereastra WIN\",\"isPartOf\":{\"@id\":\"https:\\\/\\\/www.fereastrawin.ro\\\/fr\\\/#website\"},\"datePublished\":\"2022-12-21T11:26:38+00:00\",\"dateModified\":\"2024-04-11T23:55:53+00:00\",\"breadcrumb\":{\"@id\":\"https:\\\/\\\/www.fereastrawin.ro\\\/fr\\\/politica-de-confidentialitate\\\/#breadcrumb\"},\"inLanguage\":\"fr-FR\",\"potentialAction\":[{\"@type\":\"ReadAction\",\"target\":[\"https:\\\/\\\/www.fereastrawin.ro\\\/fr\\\/politica-de-confidentialitate\\\/\"]}]},{\"@type\":\"BreadcrumbList\",\"@id\":\"https:\\\/\\\/www.fereastrawin.ro\\\/fr\\\/politica-de-confidentialitate\\\/#breadcrumb\",\"itemListElement\":[{\"@type\":\"ListItem\",\"position\":1,\"name\":\"Home\",\"item\":\"https:\\\/\\\/www.fereastrawin.ro\\\/fr\\\/\"},{\"@type\":\"ListItem\",\"position\":2,\"name\":\"Politique de confidentialit\u00e9\"}]},{\"@type\":\"WebSite\",\"@id\":\"https:\\\/\\\/www.fereastrawin.ro\\\/fr\\\/#website\",\"url\":\"https:\\\/\\\/www.fereastrawin.ro\\\/fr\\\/\",\"name\":\"Fereastra WIN\",\"description\":\"\",\"publisher\":{\"@id\":\"https:\\\/\\\/www.fereastrawin.ro\\\/fr\\\/#organization\"},\"potentialAction\":[{\"@type\":\"SearchAction\",\"target\":{\"@type\":\"EntryPoint\",\"urlTemplate\":\"https:\\\/\\\/www.fereastrawin.ro\\\/fr\\\/?s={search_term_string}\"},\"query-input\":{\"@type\":\"PropertyValueSpecification\",\"valueRequired\":true,\"valueName\":\"search_term_string\"}}],\"inLanguage\":\"fr-FR\"},{\"@type\":\"Organization\",\"@id\":\"https:\\\/\\\/www.fereastrawin.ro\\\/fr\\\/#organization\",\"name\":\"Fereastra WIN\",\"url\":\"https:\\\/\\\/www.fereastrawin.ro\\\/fr\\\/\",\"logo\":{\"@type\":\"ImageObject\",\"inLanguage\":\"fr-FR\",\"@id\":\"https:\\\/\\\/www.fereastrawin.ro\\\/fr\\\/#\\\/schema\\\/logo\\\/image\\\/\",\"url\":\"https:\\\/\\\/www.fereastrawin.ro\\\/wp-content\\\/uploads\\\/2024\\\/03\\\/logo_new.png\",\"contentUrl\":\"https:\\\/\\\/www.fereastrawin.ro\\\/wp-content\\\/uploads\\\/2024\\\/03\\\/logo_new.png\",\"width\":167,\"height\":81,\"caption\":\"Fereastra WIN\"},\"image\":{\"@id\":\"https:\\\/\\\/www.fereastrawin.ro\\\/fr\\\/#\\\/schema\\\/logo\\\/image\\\/\"},\"sameAs\":[\"https:\\\/\\\/www.facebook.com\\\/fereastrawinofficial\\\/\"]}]}<\/script>\n<!-- \/ Yoast SEO plugin. -->","yoast_head_json":{"title":"Politique de confidentialit\u00e9 - Fereastra WIN","robots":{"index":"index","follow":"follow","max-snippet":"max-snippet:-1","max-image-preview":"max-image-preview:large","max-video-preview":"max-video-preview:-1"},"canonical":"https:\/\/www.fereastrawin.ro\/fr\/politica-de-confidentialitate\/","og_locale":"fr_FR","og_type":"article","og_title":"Politique de confidentialit\u00e9 - Fereastra WIN","og_description":"La protection des donn\u00e9es personnelles, ainsi que la confidentialit\u00e9, est une pr\u00e9occupation permanente de la S.C. WIN IMPEX S.R.L. ci-apr\u00e8s d\u00e9nomm\u00e9e \u00ab\u00a0Nous\u00a0\u00bb. Depuis le d\u00e9but, la protection des donn\u00e9es et la s\u00e9curit\u00e9 de l&rsquo;information font partie de notre politique interne. Par cons\u00e9quent, nous nous engageons \u00e0 collecter et \u00e0 traiter les donn\u00e9es que vous nous [&hellip;]","og_url":"https:\/\/www.fereastrawin.ro\/fr\/politica-de-confidentialitate\/","og_site_name":"Fereastra WIN","article_publisher":"https:\/\/www.facebook.com\/fereastrawinofficial\/","article_modified_time":"2024-04-11T23:55:53+00:00","twitter_card":"summary_large_image","twitter_misc":{"Dur\u00e9e de lecture estim\u00e9e":"9 minutes"},"schema":{"@context":"https:\/\/schema.org","@graph":[{"@type":"WebPage","@id":"https:\/\/www.fereastrawin.ro\/fr\/politica-de-confidentialitate\/","url":"https:\/\/www.fereastrawin.ro\/fr\/politica-de-confidentialitate\/","name":"Politique de confidentialit\u00e9 - Fereastra WIN","isPartOf":{"@id":"https:\/\/www.fereastrawin.ro\/fr\/#website"},"datePublished":"2022-12-21T11:26:38+00:00","dateModified":"2024-04-11T23:55:53+00:00","breadcrumb":{"@id":"https:\/\/www.fereastrawin.ro\/fr\/politica-de-confidentialitate\/#breadcrumb"},"inLanguage":"fr-FR","potentialAction":[{"@type":"ReadAction","target":["https:\/\/www.fereastrawin.ro\/fr\/politica-de-confidentialitate\/"]}]},{"@type":"BreadcrumbList","@id":"https:\/\/www.fereastrawin.ro\/fr\/politica-de-confidentialitate\/#breadcrumb","itemListElement":[{"@type":"ListItem","position":1,"name":"Home","item":"https:\/\/www.fereastrawin.ro\/fr\/"},{"@type":"ListItem","position":2,"name":"Politique de confidentialit\u00e9"}]},{"@type":"WebSite","@id":"https:\/\/www.fereastrawin.ro\/fr\/#website","url":"https:\/\/www.fereastrawin.ro\/fr\/","name":"Fereastra WIN","description":"","publisher":{"@id":"https:\/\/www.fereastrawin.ro\/fr\/#organization"},"potentialAction":[{"@type":"SearchAction","target":{"@type":"EntryPoint","urlTemplate":"https:\/\/www.fereastrawin.ro\/fr\/?s={search_term_string}"},"query-input":{"@type":"PropertyValueSpecification","valueRequired":true,"valueName":"search_term_string"}}],"inLanguage":"fr-FR"},{"@type":"Organization","@id":"https:\/\/www.fereastrawin.ro\/fr\/#organization","name":"Fereastra WIN","url":"https:\/\/www.fereastrawin.ro\/fr\/","logo":{"@type":"ImageObject","inLanguage":"fr-FR","@id":"https:\/\/www.fereastrawin.ro\/fr\/#\/schema\/logo\/image\/","url":"https:\/\/www.fereastrawin.ro\/wp-content\/uploads\/2024\/03\/logo_new.png","contentUrl":"https:\/\/www.fereastrawin.ro\/wp-content\/uploads\/2024\/03\/logo_new.png","width":167,"height":81,"caption":"Fereastra WIN"},"image":{"@id":"https:\/\/www.fereastrawin.ro\/fr\/#\/schema\/logo\/image\/"},"sameAs":["https:\/\/www.facebook.com\/fereastrawinofficial\/"]}]}},"_links":{"self":[{"href":"https:\/\/www.fereastrawin.ro\/fr\/wp-json\/wp\/v2\/pages\/9493","targetHints":{"allow":["GET"]}}],"collection":[{"href":"https:\/\/www.fereastrawin.ro\/fr\/wp-json\/wp\/v2\/pages"}],"about":[{"href":"https:\/\/www.fereastrawin.ro\/fr\/wp-json\/wp\/v2\/types\/page"}],"author":[{"embeddable":true,"href":"https:\/\/www.fereastrawin.ro\/fr\/wp-json\/wp\/v2\/users\/4"}],"replies":[{"embeddable":true,"href":"https:\/\/www.fereastrawin.ro\/fr\/wp-json\/wp\/v2\/comments?post=9493"}],"version-history":[{"count":0,"href":"https:\/\/www.fereastrawin.ro\/fr\/wp-json\/wp\/v2\/pages\/9493\/revisions"}],"wp:attachment":[{"href":"https:\/\/www.fereastrawin.ro\/fr\/wp-json\/wp\/v2\/media?parent=9493"}],"curies":[{"name":"wp","href":"https:\/\/api.w.org\/{rel}","templated":true}]}}