{"id":9415,"date":"2024-03-23T23:47:02","date_gmt":"2024-03-23T23:47:02","guid":{"rendered":"https:\/\/www.fereastrawin.ro\/geam\/"},"modified":"2024-04-21T00:02:49","modified_gmt":"2024-04-21T00:02:49","slug":"geam","status":"publish","type":"page","link":"https:\/\/www.fereastrawin.ro\/fr\/geam\/","title":{"rendered":"Geam"},"content":{"rendered":"\t\t<div data-elementor-type=\"wp-page\" data-elementor-id=\"9415\" class=\"elementor elementor-9415 elementor-7518\">\n\t\t\t\t\t\t<section class=\"elementor-section elementor-top-section elementor-element elementor-element-dcef19e elementor-section-full_width elementor-section-height-default elementor-section-height-default\" data-id=\"dcef19e\" data-element_type=\"section\">\n\t\t\t\t\t\t<div class=\"elementor-container elementor-column-gap-default\">\n\t\t\t\t\t<div class=\"elementor-column elementor-col-50 elementor-top-column elementor-element elementor-element-0bd0708\" data-id=\"0bd0708\" data-element_type=\"column\">\n\t\t\t<div class=\"elementor-widget-wrap elementor-element-populated\">\n\t\t\t\t\t\t<div class=\"elementor-element elementor-element-340961c elementor-widget elementor-widget-image\" data-id=\"340961c\" data-element_type=\"widget\" data-widget_type=\"image.default\">\n\t\t\t\t<div class=\"elementor-widget-container\">\n\t\t\t\t\t\t\t\t\t\t\t\t\t\t\t<img fetchpriority=\"high\" decoding=\"async\" width=\"650\" height=\"650\" src=\"https:\/\/www.fereastrawin.ro\/wp-content\/uploads\/2024\/03\/termopane-geam-tripan-650x650.jpg\" class=\"attachment-tadao_core_image_size_square size-tadao_core_image_size_square wp-image-8112\" alt=\"Alege geamuri termoizolante \u0219i decorative de calitate superioar\u0103. Descoper\u0103 solu\u021bii eficiente energetic \u0219i personalizabile pentru orice tip de geam din locuin\u021ba ta!\" srcset=\"https:\/\/www.fereastrawin.ro\/wp-content\/uploads\/2024\/03\/termopane-geam-tripan-650x650.jpg 650w, https:\/\/www.fereastrawin.ro\/wp-content\/uploads\/2024\/03\/termopane-geam-tripan-150x150.jpg 150w\" sizes=\"(max-width: 650px) 100vw, 650px\" \/>\t\t\t\t\t\t\t\t\t\t\t\t\t\t\t<\/div>\n\t\t\t\t<\/div>\n\t\t\t\t\t<\/div>\n\t\t<\/div>\n\t\t\t\t<div class=\"elementor-column elementor-col-50 elementor-top-column elementor-element elementor-element-a9104d2\" data-id=\"a9104d2\" data-element_type=\"column\">\n\t\t\t<div class=\"elementor-widget-wrap elementor-element-populated\">\n\t\t\t\t\t\t<div class=\"elementor-element elementor-element-97cf581 elementor-widget elementor-widget-tadao_core_section_title\" data-id=\"97cf581\" data-element_type=\"widget\" data-widget_type=\"tadao_core_section_title.default\">\n\t\t\t\t<div class=\"elementor-widget-container\">\n\t\t\t\t\t<div class=\"qodef-shortcode qodef-m  qodef-section-title qodef-alignment--left  \">\n\t\t<h3 class=\"qodef-m-title\" style=\"color: #FC7E01\">\n\t\t\t\t\t  Verre isolant thermique\t\t\t<\/h3>\n\t\t<p class=\"qodef-m-text\" >Le choix du bon vitrage est tr\u00e8s important, car le vitrage repr\u00e9sente environ 70 \u00e0 80 % de la surface d&#039;une fen\u00eatre.<\/p>\n<\/div>\n\t\t\t\t<\/div>\n\t\t\t\t<\/div>\n\t\t\t\t<div class=\"elementor-element elementor-element-216e843 elementor-widget elementor-widget-text-editor\" data-id=\"216e843\" data-element_type=\"widget\" data-widget_type=\"text-editor.default\">\n\t\t\t\t<div class=\"elementor-widget-container\">\n\t\t\t\t\t\t\t\t\t<p>Nos conseillers techniques et commerciaux vous proposeront toujours la meilleure solution, en tenant compte de plusieurs aspects.<\/p>\t\t\t\t\t\t\t\t<\/div>\n\t\t\t\t<\/div>\n\t\t\t\t<div class=\"elementor-element elementor-element-0c543f7 elementor-widget elementor-widget-tadao_core_button\" data-id=\"0c543f7\" data-element_type=\"widget\" data-widget_type=\"tadao_core_button.default\">\n\t\t\t\t<div class=\"elementor-widget-container\">\n\t\t\t\t\t<a class=\"qodef-shortcode qodef-m  qodef-button qodef-layout--filled  qodef-html--link\" href=\"\/fr\/produit\/verre-isolant\" target=\"_self\" data-hover-color=\"#FFFFFF\" data-hover-border-color=\"#FC7E01\" style=\"color: #FC7E01;--qode-bg-color: #FC7E01;--qode-bg-hover-color: #000000;border-color: #FC7E01\">\n\t<span class=\"qodef-m-text\">Voir le produit<\/span>\n<\/a>\n\t\t\t\t<\/div>\n\t\t\t\t<\/div>\n\t\t\t\t\t<\/div>\n\t\t<\/div>\n\t\t\t\t\t<\/div>\n\t\t<\/section>\n\t\t\t\t<section class=\"elementor-section elementor-top-section elementor-element elementor-element-9c82b9d elementor-section-full_width elementor-section-height-default elementor-section-height-default\" data-id=\"9c82b9d\" data-element_type=\"section\">\n\t\t\t\t\t\t<div class=\"elementor-container elementor-column-gap-default\">\n\t\t\t\t\t<div class=\"elementor-column elementor-col-50 elementor-top-column elementor-element elementor-element-eba6215\" data-id=\"eba6215\" data-element_type=\"column\">\n\t\t\t<div class=\"elementor-widget-wrap elementor-element-populated\">\n\t\t\t\t\t\t<div class=\"elementor-element elementor-element-6e63789 elementor-widget elementor-widget-image\" data-id=\"6e63789\" data-element_type=\"widget\" data-widget_type=\"image.default\">\n\t\t\t\t<div class=\"elementor-widget-container\">\n\t\t\t\t\t\t\t\t\t\t\t\t\t\t\t<img decoding=\"async\" width=\"500\" height=\"500\" src=\"https:\/\/www.fereastrawin.ro\/wp-content\/uploads\/2024\/03\/geam-termopan-sticla-decorativa.jpg\" class=\"attachment-qi_blocks_image_size_square size-qi_blocks_image_size_square wp-image-7524\" alt=\"Sticl\u0103 decorativ\u0103\" srcset=\"https:\/\/www.fereastrawin.ro\/wp-content\/uploads\/2024\/03\/geam-termopan-sticla-decorativa.jpg 500w, https:\/\/www.fereastrawin.ro\/wp-content\/uploads\/2024\/03\/geam-termopan-sticla-decorativa-300x300.jpg 300w, https:\/\/www.fereastrawin.ro\/wp-content\/uploads\/2024\/03\/geam-termopan-sticla-decorativa-150x150.jpg 150w\" sizes=\"(max-width: 500px) 100vw, 500px\" \/>\t\t\t\t\t\t\t\t\t\t\t\t\t\t\t<\/div>\n\t\t\t\t<\/div>\n\t\t\t\t\t<\/div>\n\t\t<\/div>\n\t\t\t\t<div class=\"elementor-column elementor-col-50 elementor-top-column elementor-element elementor-element-86e9a2c\" data-id=\"86e9a2c\" data-element_type=\"column\">\n\t\t\t<div class=\"elementor-widget-wrap elementor-element-populated\">\n\t\t\t\t\t\t<div class=\"elementor-element elementor-element-8a99420 elementor-widget elementor-widget-tadao_core_section_title\" data-id=\"8a99420\" data-element_type=\"widget\" data-widget_type=\"tadao_core_section_title.default\">\n\t\t\t\t<div class=\"elementor-widget-container\">\n\t\t\t\t\t<div class=\"qodef-shortcode qodef-m  qodef-section-title qodef-alignment--left  \">\n\t\t<h3 class=\"qodef-m-title\" style=\"color: #FC7E01\">\n\t\t\t\t\tVerre d\u00e9coratif\t\t\t<\/h3>\n\t\t<p class=\"qodef-m-text\" >Ce type de verre laisse passer la lumi\u00e8re tout en s\u00e9parant les espaces, ce qui donne un ton agr\u00e9able et harmonieux. Vous trouverez ci-dessous des exemples de verre d\u00e9coratif de WIN.\n\n<\/p>\n<\/div>\n\t\t\t\t<\/div>\n\t\t\t\t<\/div>\n\t\t\t\t<div class=\"elementor-element elementor-element-e217c3a elementor-widget elementor-widget-tadao_core_button\" data-id=\"e217c3a\" data-element_type=\"widget\" data-widget_type=\"tadao_core_button.default\">\n\t\t\t\t<div class=\"elementor-widget-container\">\n\t\t\t\t\t<a class=\"qodef-shortcode qodef-m  qodef-button qodef-layout--filled  qodef-html--link\" href=\"\/fr\/produit\/verre-decoratif\" target=\"_self\" data-hover-color=\"#FFFFFF\" data-hover-border-color=\"#FC7E01\" style=\"color: #FC7E01;--qode-bg-color: #FC7E01;--qode-bg-hover-color: #000000;border-color: #FC7E01\">\n\t<span class=\"qodef-m-text\">Voir le produit<\/span>\n<\/a>\n\t\t\t\t<\/div>\n\t\t\t\t<\/div>\n\t\t\t\t\t<\/div>\n\t\t<\/div>\n\t\t\t\t\t<\/div>\n\t\t<\/section>\n\t\t\t\t<section class=\"elementor-section elementor-top-section elementor-element elementor-element-ee3c2c9 elementor-section-full_width elementor-section-height-default elementor-section-height-default\" data-id=\"ee3c2c9\" data-element_type=\"section\">\n\t\t\t\t\t\t<div class=\"elementor-container elementor-column-gap-default\">\n\t\t\t\t\t<div class=\"elementor-column elementor-col-50 elementor-top-column elementor-element elementor-element-8f62485\" data-id=\"8f62485\" data-element_type=\"column\">\n\t\t\t<div class=\"elementor-widget-wrap elementor-element-populated\">\n\t\t\t\t\t\t<div class=\"elementor-element elementor-element-243d028 elementor-widget elementor-widget-image\" data-id=\"243d028\" data-element_type=\"widget\" data-widget_type=\"image.default\">\n\t\t\t\t<div class=\"elementor-widget-container\">\n\t\t\t\t\t\t\t\t\t\t\t\t\t\t\t<img decoding=\"async\" width=\"650\" height=\"650\" src=\"https:\/\/www.fereastrawin.ro\/wp-content\/uploads\/2024\/03\/img-OyDNuEjhyASfecQBO4x8e-650x650.jpeg\" class=\"attachment-qi_addons_for_elementor_image_size_square size-qi_addons_for_elementor_image_size_square wp-image-8106\" alt=\"Bagheta Warm Edge\" srcset=\"https:\/\/www.fereastrawin.ro\/wp-content\/uploads\/2024\/03\/img-OyDNuEjhyASfecQBO4x8e-650x650.jpeg 650w, https:\/\/www.fereastrawin.ro\/wp-content\/uploads\/2024\/03\/img-OyDNuEjhyASfecQBO4x8e-300x300.jpeg 300w, https:\/\/www.fereastrawin.ro\/wp-content\/uploads\/2024\/03\/img-OyDNuEjhyASfecQBO4x8e-150x150.jpeg 150w, https:\/\/www.fereastrawin.ro\/wp-content\/uploads\/2024\/03\/img-OyDNuEjhyASfecQBO4x8e-768x768.jpeg 768w, https:\/\/www.fereastrawin.ro\/wp-content\/uploads\/2024\/03\/img-OyDNuEjhyASfecQBO4x8e.jpeg 1024w\" sizes=\"(max-width: 650px) 100vw, 650px\" \/>\t\t\t\t\t\t\t\t\t\t\t\t\t\t\t<\/div>\n\t\t\t\t<\/div>\n\t\t\t\t\t<\/div>\n\t\t<\/div>\n\t\t\t\t<div class=\"elementor-column elementor-col-50 elementor-top-column elementor-element elementor-element-717d097\" data-id=\"717d097\" data-element_type=\"column\">\n\t\t\t<div class=\"elementor-widget-wrap elementor-element-populated\">\n\t\t\t\t\t\t<div class=\"elementor-element elementor-element-cb32fb9 elementor-widget elementor-widget-tadao_core_section_title\" data-id=\"cb32fb9\" data-element_type=\"widget\" data-widget_type=\"tadao_core_section_title.default\">\n\t\t\t\t<div class=\"elementor-widget-container\">\n\t\t\t\t\t<div class=\"qodef-shortcode qodef-m  qodef-section-title qodef-alignment--left  \">\n\t\t<h3 class=\"qodef-m-title\" style=\"color: #FC7E01\">\n\t\t\t\t\tBaguette \u00e0 bord chaud\t\t\t<\/h3>\n\t\t<p class=\"qodef-m-text\" >L&#039;utilisation d&#039;intercalaires Warm Edge entre les vitrages isolants r\u00e9duit consid\u00e9rablement la transmission de la chaleur par rapport aux bandes d&#039;aluminium conventionnelles, ce qui permet d&#039;obtenir un coefficient de transfert de chaleur plus faible pour les fen\u00eatres et les portes.\n\n<\/p>\n<\/div>\n\t\t\t\t<\/div>\n\t\t\t\t<\/div>\n\t\t\t\t<div class=\"elementor-element elementor-element-7c08b18 elementor-widget elementor-widget-tadao_core_button\" data-id=\"7c08b18\" data-element_type=\"widget\" data-widget_type=\"tadao_core_button.default\">\n\t\t\t\t<div class=\"elementor-widget-container\">\n\t\t\t\t\t<a class=\"qodef-shortcode qodef-m  qodef-button qodef-layout--filled  qodef-html--link\" href=\"\/fr\/produs\/baguette-a-bord-chaud\" target=\"_self\" data-hover-color=\"#FFFFFF\" data-hover-border-color=\"#FC7E01\" style=\"color: #FC7E01;--qode-bg-color: #FC7E01;--qode-bg-hover-color: #000000;border-color: #FC7E01\">\n\t<span class=\"qodef-m-text\">Voir le produit<\/span>\n<\/a>\n\t\t\t\t<\/div>\n\t\t\t\t<\/div>\n\t\t\t\t\t<\/div>\n\t\t<\/div>\n\t\t\t\t\t<\/div>\n\t\t<\/section>\n\t\t\t\t<section class=\"elementor-section elementor-top-section elementor-element elementor-element-9eed880 elementor-section-full_width elementor-section-height-default elementor-section-height-default\" data-id=\"9eed880\" data-element_type=\"section\">\n\t\t\t\t\t\t<div class=\"elementor-container elementor-column-gap-default\">\n\t\t\t\t\t<div class=\"elementor-column elementor-col-50 elementor-top-column elementor-element elementor-element-d4af975\" data-id=\"d4af975\" data-element_type=\"column\">\n\t\t\t<div class=\"elementor-widget-wrap elementor-element-populated\">\n\t\t\t\t\t\t<div class=\"elementor-element elementor-element-402a433 elementor-widget elementor-widget-image\" data-id=\"402a433\" data-element_type=\"widget\" data-widget_type=\"image.default\">\n\t\t\t\t<div class=\"elementor-widget-container\">\n\t\t\t\t\t\t\t\t\t\t\t\t\t\t\t<img loading=\"lazy\" decoding=\"async\" width=\"582\" height=\"608\" src=\"https:\/\/www.fereastrawin.ro\/wp-content\/uploads\/2024\/03\/img-uMQwL8cawLIDyIPYFsLC0-650x650-1-1.png\" class=\"attachment-tadao_core_image_size_square size-tadao_core_image_size_square wp-image-8110\" alt=\"Sprose sticl\u0103 WIN\" srcset=\"https:\/\/www.fereastrawin.ro\/wp-content\/uploads\/2024\/03\/img-uMQwL8cawLIDyIPYFsLC0-650x650-1-1.png 582w, https:\/\/www.fereastrawin.ro\/wp-content\/uploads\/2024\/03\/img-uMQwL8cawLIDyIPYFsLC0-650x650-1-1-287x300.png 287w\" sizes=\"(max-width: 582px) 100vw, 582px\" \/>\t\t\t\t\t\t\t\t\t\t\t\t\t\t\t<\/div>\n\t\t\t\t<\/div>\n\t\t\t\t\t<\/div>\n\t\t<\/div>\n\t\t\t\t<div class=\"elementor-column elementor-col-50 elementor-top-column elementor-element elementor-element-ed5806c\" data-id=\"ed5806c\" data-element_type=\"column\">\n\t\t\t<div class=\"elementor-widget-wrap elementor-element-populated\">\n\t\t\t\t\t\t<div class=\"elementor-element elementor-element-11e4db4 elementor-widget elementor-widget-tadao_core_section_title\" data-id=\"11e4db4\" data-element_type=\"widget\" data-widget_type=\"tadao_core_section_title.default\">\n\t\t\t\t<div class=\"elementor-widget-container\">\n\t\t\t\t\t<div class=\"qodef-shortcode qodef-m  qodef-section-title qodef-alignment--left  \">\n\t\t<h3 class=\"qodef-m-title\" style=\"color: #FC7E01\">\n\t\t\t\t\tVerre de sprose WIN\t\t\t<\/h3>\n\t\t<p class=\"qodef-m-text\" >L&#039;utilisation d&#039;intercalaires Warm Edge entre les vitrages isolants r\u00e9duit consid\u00e9rablement la transmission de la chaleur par rapport aux bandes d&#039;aluminium conventionnelles, ce qui permet d&#039;obtenir un coefficient de transfert de chaleur plus faible pour les fen\u00eatres et les portes.\n\n<\/p>\n<\/div>\n\t\t\t\t<\/div>\n\t\t\t\t<\/div>\n\t\t\t\t<div class=\"elementor-element elementor-element-d4759c5 elementor-widget elementor-widget-tadao_core_button\" data-id=\"d4759c5\" data-element_type=\"widget\" data-widget_type=\"tadao_core_button.default\">\n\t\t\t\t<div class=\"elementor-widget-container\">\n\t\t\t\t\t<a class=\"qodef-shortcode qodef-m  qodef-button qodef-layout--filled  qodef-html--link\" href=\"\/fr\/produs\/verre-de-sprose-win\" target=\"_self\" data-hover-color=\"#FFFFFF\" data-hover-border-color=\"#FC7E01\" style=\"color: #FC7E01;--qode-bg-color: #FC7E01;--qode-bg-hover-color: #000000;border-color: #FC7E01\">\n\t<span class=\"qodef-m-text\">Voir le produit<\/span>\n<\/a>\n\t\t\t\t<\/div>\n\t\t\t\t<\/div>\n\t\t\t\t\t<\/div>\n\t\t<\/div>\n\t\t\t\t\t<\/div>\n\t\t<\/section>\n\t\t\t\t<\/div>\n\t\t","protected":false},"excerpt":{"rendered":"<p>Verre isolant thermique Le choix du bon vitrage est tr\u00e8s important, car le vitrage repr\u00e9sente environ 70 \u00e0 80 % de la surface d&#039;une fen\u00eatre. Nos conseillers techniques et commerciaux vous proposeront toujours la meilleure solution, en tenant compte de plusieurs aspects. Voir le produit Verre d\u00e9coratif Ce type de verre laisse passer la lumi\u00e8re [&hellip;]<\/p>\n","protected":false},"author":4,"featured_media":0,"parent":0,"menu_order":0,"comment_status":"closed","ping_status":"closed","template":"","meta":{"footnotes":""},"class_list":["post-9415","page","type-page","status-publish","hentry"],"yoast_head":"<!-- This site is optimized with the Yoast SEO plugin v27.3 - https:\/\/yoast.com\/product\/yoast-seo-wordpress\/ -->\n<title>Geam - Fereastra WIN<\/title>\n<meta name=\"robots\" content=\"index, follow, max-snippet:-1, max-image-preview:large, max-video-preview:-1\" \/>\n<link rel=\"canonical\" href=\"https:\/\/www.fereastrawin.ro\/fr\/geam\/\" \/>\n<meta property=\"og:locale\" content=\"fr_FR\" \/>\n<meta property=\"og:type\" content=\"article\" \/>\n<meta property=\"og:title\" content=\"Geam - Fereastra WIN\" \/>\n<meta property=\"og:description\" content=\"Verre isolant thermique Le choix du bon vitrage est tr\u00e8s important, car le vitrage repr\u00e9sente environ 70 \u00e0 80 % de la surface d&#039;une fen\u00eatre. Nos conseillers techniques et commerciaux vous proposeront toujours la meilleure solution, en tenant compte de plusieurs aspects. Voir le produit Verre d\u00e9coratif Ce type de verre laisse passer la lumi\u00e8re [&hellip;]\" \/>\n<meta property=\"og:url\" content=\"https:\/\/www.fereastrawin.ro\/fr\/geam\/\" \/>\n<meta property=\"og:site_name\" content=\"Fereastra WIN\" \/>\n<meta property=\"article:publisher\" content=\"https:\/\/www.facebook.com\/fereastrawinofficial\/\" \/>\n<meta property=\"article:modified_time\" content=\"2024-04-21T00:02:49+00:00\" \/>\n<meta property=\"og:image\" content=\"https:\/\/www.fereastrawin.ro\/wp-content\/uploads\/2024\/03\/termopane-geam-tripan-650x650.jpg\" \/>\n<meta name=\"twitter:card\" content=\"summary_large_image\" \/>\n<meta name=\"twitter:label1\" content=\"Dur\u00e9e de lecture estim\u00e9e\" \/>\n\t<meta name=\"twitter:data1\" content=\"1 minute\" \/>\n<script type=\"application\/ld+json\" class=\"yoast-schema-graph\">{\"@context\":\"https:\\\/\\\/schema.org\",\"@graph\":[{\"@type\":\"WebPage\",\"@id\":\"https:\\\/\\\/www.fereastrawin.ro\\\/fr\\\/geam\\\/\",\"url\":\"https:\\\/\\\/www.fereastrawin.ro\\\/fr\\\/geam\\\/\",\"name\":\"Geam - Fereastra WIN\",\"isPartOf\":{\"@id\":\"https:\\\/\\\/www.fereastrawin.ro\\\/fr\\\/#website\"},\"primaryImageOfPage\":{\"@id\":\"https:\\\/\\\/www.fereastrawin.ro\\\/fr\\\/geam\\\/#primaryimage\"},\"image\":{\"@id\":\"https:\\\/\\\/www.fereastrawin.ro\\\/fr\\\/geam\\\/#primaryimage\"},\"thumbnailUrl\":\"https:\\\/\\\/www.fereastrawin.ro\\\/wp-content\\\/uploads\\\/2024\\\/03\\\/termopane-geam-tripan-650x650.jpg\",\"datePublished\":\"2024-03-23T23:47:02+00:00\",\"dateModified\":\"2024-04-21T00:02:49+00:00\",\"breadcrumb\":{\"@id\":\"https:\\\/\\\/www.fereastrawin.ro\\\/fr\\\/geam\\\/#breadcrumb\"},\"inLanguage\":\"fr-FR\",\"potentialAction\":[{\"@type\":\"ReadAction\",\"target\":[\"https:\\\/\\\/www.fereastrawin.ro\\\/fr\\\/geam\\\/\"]}]},{\"@type\":\"ImageObject\",\"inLanguage\":\"fr-FR\",\"@id\":\"https:\\\/\\\/www.fereastrawin.ro\\\/fr\\\/geam\\\/#primaryimage\",\"url\":\"https:\\\/\\\/www.fereastrawin.ro\\\/wp-content\\\/uploads\\\/2024\\\/03\\\/termopane-geam-tripan-650x650.jpg\",\"contentUrl\":\"https:\\\/\\\/www.fereastrawin.ro\\\/wp-content\\\/uploads\\\/2024\\\/03\\\/termopane-geam-tripan-650x650.jpg\"},{\"@type\":\"BreadcrumbList\",\"@id\":\"https:\\\/\\\/www.fereastrawin.ro\\\/fr\\\/geam\\\/#breadcrumb\",\"itemListElement\":[{\"@type\":\"ListItem\",\"position\":1,\"name\":\"Home\",\"item\":\"https:\\\/\\\/www.fereastrawin.ro\\\/fr\\\/\"},{\"@type\":\"ListItem\",\"position\":2,\"name\":\"Geam\"}]},{\"@type\":\"WebSite\",\"@id\":\"https:\\\/\\\/www.fereastrawin.ro\\\/fr\\\/#website\",\"url\":\"https:\\\/\\\/www.fereastrawin.ro\\\/fr\\\/\",\"name\":\"Fereastra WIN\",\"description\":\"\",\"publisher\":{\"@id\":\"https:\\\/\\\/www.fereastrawin.ro\\\/fr\\\/#organization\"},\"potentialAction\":[{\"@type\":\"SearchAction\",\"target\":{\"@type\":\"EntryPoint\",\"urlTemplate\":\"https:\\\/\\\/www.fereastrawin.ro\\\/fr\\\/?s={search_term_string}\"},\"query-input\":{\"@type\":\"PropertyValueSpecification\",\"valueRequired\":true,\"valueName\":\"search_term_string\"}}],\"inLanguage\":\"fr-FR\"},{\"@type\":\"Organization\",\"@id\":\"https:\\\/\\\/www.fereastrawin.ro\\\/fr\\\/#organization\",\"name\":\"Fereastra WIN\",\"url\":\"https:\\\/\\\/www.fereastrawin.ro\\\/fr\\\/\",\"logo\":{\"@type\":\"ImageObject\",\"inLanguage\":\"fr-FR\",\"@id\":\"https:\\\/\\\/www.fereastrawin.ro\\\/fr\\\/#\\\/schema\\\/logo\\\/image\\\/\",\"url\":\"https:\\\/\\\/www.fereastrawin.ro\\\/wp-content\\\/uploads\\\/2024\\\/03\\\/logo_new.png\",\"contentUrl\":\"https:\\\/\\\/www.fereastrawin.ro\\\/wp-content\\\/uploads\\\/2024\\\/03\\\/logo_new.png\",\"width\":167,\"height\":81,\"caption\":\"Fereastra WIN\"},\"image\":{\"@id\":\"https:\\\/\\\/www.fereastrawin.ro\\\/fr\\\/#\\\/schema\\\/logo\\\/image\\\/\"},\"sameAs\":[\"https:\\\/\\\/www.facebook.com\\\/fereastrawinofficial\\\/\"]}]}<\/script>\n<!-- \/ Yoast SEO plugin. -->","yoast_head_json":{"title":"Geam - Fereastra WIN","robots":{"index":"index","follow":"follow","max-snippet":"max-snippet:-1","max-image-preview":"max-image-preview:large","max-video-preview":"max-video-preview:-1"},"canonical":"https:\/\/www.fereastrawin.ro\/fr\/geam\/","og_locale":"fr_FR","og_type":"article","og_title":"Geam - Fereastra WIN","og_description":"Verre isolant thermique Le choix du bon vitrage est tr\u00e8s important, car le vitrage repr\u00e9sente environ 70 \u00e0 80 % de la surface d&#039;une fen\u00eatre. Nos conseillers techniques et commerciaux vous proposeront toujours la meilleure solution, en tenant compte de plusieurs aspects. Voir le produit Verre d\u00e9coratif Ce type de verre laisse passer la lumi\u00e8re [&hellip;]","og_url":"https:\/\/www.fereastrawin.ro\/fr\/geam\/","og_site_name":"Fereastra WIN","article_publisher":"https:\/\/www.facebook.com\/fereastrawinofficial\/","article_modified_time":"2024-04-21T00:02:49+00:00","og_image":[{"url":"https:\/\/www.fereastrawin.ro\/wp-content\/uploads\/2024\/03\/termopane-geam-tripan-650x650.jpg","type":"","width":"","height":""}],"twitter_card":"summary_large_image","twitter_misc":{"Dur\u00e9e de lecture estim\u00e9e":"1 minute"},"schema":{"@context":"https:\/\/schema.org","@graph":[{"@type":"WebPage","@id":"https:\/\/www.fereastrawin.ro\/fr\/geam\/","url":"https:\/\/www.fereastrawin.ro\/fr\/geam\/","name":"Geam - Fereastra WIN","isPartOf":{"@id":"https:\/\/www.fereastrawin.ro\/fr\/#website"},"primaryImageOfPage":{"@id":"https:\/\/www.fereastrawin.ro\/fr\/geam\/#primaryimage"},"image":{"@id":"https:\/\/www.fereastrawin.ro\/fr\/geam\/#primaryimage"},"thumbnailUrl":"https:\/\/www.fereastrawin.ro\/wp-content\/uploads\/2024\/03\/termopane-geam-tripan-650x650.jpg","datePublished":"2024-03-23T23:47:02+00:00","dateModified":"2024-04-21T00:02:49+00:00","breadcrumb":{"@id":"https:\/\/www.fereastrawin.ro\/fr\/geam\/#breadcrumb"},"inLanguage":"fr-FR","potentialAction":[{"@type":"ReadAction","target":["https:\/\/www.fereastrawin.ro\/fr\/geam\/"]}]},{"@type":"ImageObject","inLanguage":"fr-FR","@id":"https:\/\/www.fereastrawin.ro\/fr\/geam\/#primaryimage","url":"https:\/\/www.fereastrawin.ro\/wp-content\/uploads\/2024\/03\/termopane-geam-tripan-650x650.jpg","contentUrl":"https:\/\/www.fereastrawin.ro\/wp-content\/uploads\/2024\/03\/termopane-geam-tripan-650x650.jpg"},{"@type":"BreadcrumbList","@id":"https:\/\/www.fereastrawin.ro\/fr\/geam\/#breadcrumb","itemListElement":[{"@type":"ListItem","position":1,"name":"Home","item":"https:\/\/www.fereastrawin.ro\/fr\/"},{"@type":"ListItem","position":2,"name":"Geam"}]},{"@type":"WebSite","@id":"https:\/\/www.fereastrawin.ro\/fr\/#website","url":"https:\/\/www.fereastrawin.ro\/fr\/","name":"Fereastra WIN","description":"","publisher":{"@id":"https:\/\/www.fereastrawin.ro\/fr\/#organization"},"potentialAction":[{"@type":"SearchAction","target":{"@type":"EntryPoint","urlTemplate":"https:\/\/www.fereastrawin.ro\/fr\/?s={search_term_string}"},"query-input":{"@type":"PropertyValueSpecification","valueRequired":true,"valueName":"search_term_string"}}],"inLanguage":"fr-FR"},{"@type":"Organization","@id":"https:\/\/www.fereastrawin.ro\/fr\/#organization","name":"Fereastra WIN","url":"https:\/\/www.fereastrawin.ro\/fr\/","logo":{"@type":"ImageObject","inLanguage":"fr-FR","@id":"https:\/\/www.fereastrawin.ro\/fr\/#\/schema\/logo\/image\/","url":"https:\/\/www.fereastrawin.ro\/wp-content\/uploads\/2024\/03\/logo_new.png","contentUrl":"https:\/\/www.fereastrawin.ro\/wp-content\/uploads\/2024\/03\/logo_new.png","width":167,"height":81,"caption":"Fereastra WIN"},"image":{"@id":"https:\/\/www.fereastrawin.ro\/fr\/#\/schema\/logo\/image\/"},"sameAs":["https:\/\/www.facebook.com\/fereastrawinofficial\/"]}]}},"_links":{"self":[{"href":"https:\/\/www.fereastrawin.ro\/fr\/wp-json\/wp\/v2\/pages\/9415","targetHints":{"allow":["GET"]}}],"collection":[{"href":"https:\/\/www.fereastrawin.ro\/fr\/wp-json\/wp\/v2\/pages"}],"about":[{"href":"https:\/\/www.fereastrawin.ro\/fr\/wp-json\/wp\/v2\/types\/page"}],"author":[{"embeddable":true,"href":"https:\/\/www.fereastrawin.ro\/fr\/wp-json\/wp\/v2\/users\/4"}],"replies":[{"embeddable":true,"href":"https:\/\/www.fereastrawin.ro\/fr\/wp-json\/wp\/v2\/comments?post=9415"}],"version-history":[{"count":0,"href":"https:\/\/www.fereastrawin.ro\/fr\/wp-json\/wp\/v2\/pages\/9415\/revisions"}],"wp:attachment":[{"href":"https:\/\/www.fereastrawin.ro\/fr\/wp-json\/wp\/v2\/media?parent=9415"}],"curies":[{"name":"wp","href":"https:\/\/api.w.org\/{rel}","templated":true}]}}