{"id":9406,"date":"2024-03-27T21:44:34","date_gmt":"2024-03-27T21:44:34","guid":{"rendered":"https:\/\/www.fereastrawin.ro\/termeni-si-conditii\/"},"modified":"2024-04-11T23:53:04","modified_gmt":"2024-04-11T23:53:04","slug":"termeni-si-conditii","status":"publish","type":"page","link":"https:\/\/www.fereastrawin.ro\/fr\/termeni-si-conditii\/","title":{"rendered":"conditions g\u00e9n\u00e9rales"},"content":{"rendered":"\n<p>Nom de l&rsquo;entreprise : S.C. WIN IMPEX S.R.L.<br\/>Si\u00e8ge social : 70, rue George Enescu, jud. Dolj<br\/>Code fiscal : RO4175781<br\/>Num\u00e9ro de registre du commerce : J16\/1377\/1993<br\/>Capital social : 2500000 RON<\/p>\n\n<p>Conditions d&rsquo;utilisation du site www.fereastrawin.ro.<\/p>\n\n<p>ACCEPTATION DES CONDITIONS<\/p>\n\n<p>En acc\u00e9dant \u00e0 ce site web et\/ou \u00e0 l&rsquo;une de ses pages, vous acceptez les pr\u00e9sentes conditions d&rsquo;utilisation. Si vous n&rsquo;acceptez pas ces conditions d&rsquo;utilisation, n&rsquo;acc\u00e9dez pas \u00e0 ce site web.<\/p>\n\n<p>DESCRIPTION DES SERVICES<\/p>\n\n<p>S.C. WIN IMPEX S.R.L. fournit les informations sur ce site \u00e0 des fins d&rsquo;information g\u00e9n\u00e9rale uniquement, et ne garantit pas leur exactitude \u00e0 tout moment, bien que tous les efforts soient faits pour s&rsquo;assurer que toutes les informations sont exactes lorsqu&rsquo;elles sont publi\u00e9es sur le site.<\/p>\n\n<p>NON-LIABILIT\u00c9<\/p>\n\n<p>S.C. WIN IMPEX S.R.L. ne peut en aucun cas \u00eatre tenue responsable de toute perte ou dommage que quelqu&rsquo;un pourrait subir suite \u00e0 l&rsquo;utilisation de quelque mani\u00e8re que ce soit des informations pr\u00e9sent\u00e9es sur ce site web. S.C. WIN IMPEX S.R.L. ne garantit en aucune mani\u00e8re l&rsquo;exactitude, l&rsquo;utilit\u00e9 ou l&rsquo;exhaustivit\u00e9 des informations ou du mat\u00e9riel contenus dans ce site Web. S.C. WIN IMPEX S.R.L. ne garantit pas les r\u00e9sultats qui peuvent \u00eatre obtenus par l&rsquo;utilisation des informations pr\u00e9sent\u00e9es sur ce site web ni la disponibilit\u00e9 pour l&rsquo;utilisation de toute information pr\u00e9sente sur le site web.<\/p>\n\n<p>S.C. WIN IMPEX S.R.L. n&rsquo;assume aucune responsabilit\u00e9 quant au contenu du mat\u00e9riel pr\u00e9sent\u00e9 sur ce site. Ils sont pr\u00e9sent\u00e9s \u00e0 titre d&rsquo;information et sont consid\u00e9r\u00e9s comme utiles. S.C. WIN IMPEX S.R.L. ne peut \u00eatre tenue responsable du mat\u00e9riel pr\u00e9sent sur le site, celui-ci \u00e9tant pr\u00e9sent\u00e9 \u00e0 des fins d&rsquo;information et non \u00e0 des fins commerciales.<\/p>\n\n<p>R\u00c8GLES G\u00c9N\u00c9RALES<\/p>\n\n<p>Tout utilisateur visitant ce site le fait \u00e0 ses propres risques. Le mat\u00e9riel et les informations contenus dans ce site web sont fournis \u00e0 titre d&rsquo;information g\u00e9n\u00e9rale uniquement et ne sont accompagn\u00e9s d&rsquo;aucune garantie de quelque nature que ce soit, expresse ou implicite.<\/p>\n\n<p>LIMITATIONS TECHNIQUES DES SERVICES<\/p>\n\n<p>La S.C. WIN IMPEX S.R.L. n&rsquo;assume aucune responsabilit\u00e9 dans le cas o\u00f9 les services du site web ne seraient pas accessibles aux utilisateurs pendant une p\u00e9riode illimit\u00e9e\/ind\u00e9finie pour toute raison technique ou commerciale.<\/p>\n\n<p>CONCLUSION DE L&rsquo;ACCORD<\/p>\n\n<p>S.C. WIN IMPEX S.R.L. se r\u00e9serve le droit de modifier les termes, conditions et politiques \u00e0 tout moment et sans pr\u00e9avis. Nous vous invitons donc \u00e0 consulter r\u00e9guli\u00e8rement cette section pour vous tenir au courant des changements.<\/p>\n","protected":false},"excerpt":{"rendered":"<p>Nom de l&rsquo;entreprise : S.C. WIN IMPEX S.R.L.Si\u00e8ge social : 70, rue George Enescu, jud. DoljCode fiscal : RO4175781Num\u00e9ro de registre du commerce : J16\/1377\/1993Capital social : 2500000 RON Conditions d&rsquo;utilisation du site www.fereastrawin.ro. ACCEPTATION DES CONDITIONS En acc\u00e9dant \u00e0 ce site web et\/ou \u00e0 l&rsquo;une de ses pages, vous acceptez les pr\u00e9sentes conditions d&rsquo;utilisation. [&hellip;]<\/p>\n","protected":false},"author":4,"featured_media":0,"parent":0,"menu_order":0,"comment_status":"closed","ping_status":"closed","template":"","meta":{"footnotes":""},"class_list":["post-9406","page","type-page","status-publish","hentry"],"yoast_head":"<!-- This site is optimized with the Yoast SEO plugin v27.3 - https:\/\/yoast.com\/product\/yoast-seo-wordpress\/ -->\n<title>conditions g\u00e9n\u00e9rales - Fereastra WIN<\/title>\n<meta name=\"robots\" content=\"index, follow, max-snippet:-1, max-image-preview:large, max-video-preview:-1\" \/>\n<link rel=\"canonical\" href=\"https:\/\/www.fereastrawin.ro\/fr\/termeni-si-conditii\/\" \/>\n<meta property=\"og:locale\" content=\"fr_FR\" \/>\n<meta property=\"og:type\" content=\"article\" \/>\n<meta property=\"og:title\" content=\"conditions g\u00e9n\u00e9rales - Fereastra WIN\" \/>\n<meta property=\"og:description\" content=\"Nom de l&rsquo;entreprise : S.C. WIN IMPEX S.R.L.Si\u00e8ge social : 70, rue George Enescu, jud. DoljCode fiscal : RO4175781Num\u00e9ro de registre du commerce : J16\/1377\/1993Capital social : 2500000 RON Conditions d&rsquo;utilisation du site www.fereastrawin.ro. ACCEPTATION DES CONDITIONS En acc\u00e9dant \u00e0 ce site web et\/ou \u00e0 l&rsquo;une de ses pages, vous acceptez les pr\u00e9sentes conditions d&rsquo;utilisation. [&hellip;]\" \/>\n<meta property=\"og:url\" content=\"https:\/\/www.fereastrawin.ro\/fr\/termeni-si-conditii\/\" \/>\n<meta property=\"og:site_name\" content=\"Fereastra WIN\" \/>\n<meta property=\"article:publisher\" content=\"https:\/\/www.facebook.com\/fereastrawinofficial\/\" \/>\n<meta property=\"article:modified_time\" content=\"2024-04-11T23:53:04+00:00\" \/>\n<meta name=\"twitter:card\" content=\"summary_large_image\" \/>\n<meta name=\"twitter:label1\" content=\"Dur\u00e9e de lecture estim\u00e9e\" \/>\n\t<meta name=\"twitter:data1\" content=\"2 minutes\" \/>\n<script type=\"application\/ld+json\" class=\"yoast-schema-graph\">{\"@context\":\"https:\\\/\\\/schema.org\",\"@graph\":[{\"@type\":\"WebPage\",\"@id\":\"https:\\\/\\\/www.fereastrawin.ro\\\/fr\\\/termeni-si-conditii\\\/\",\"url\":\"https:\\\/\\\/www.fereastrawin.ro\\\/fr\\\/termeni-si-conditii\\\/\",\"name\":\"conditions g\u00e9n\u00e9rales - Fereastra WIN\",\"isPartOf\":{\"@id\":\"https:\\\/\\\/www.fereastrawin.ro\\\/fr\\\/#website\"},\"datePublished\":\"2024-03-27T21:44:34+00:00\",\"dateModified\":\"2024-04-11T23:53:04+00:00\",\"breadcrumb\":{\"@id\":\"https:\\\/\\\/www.fereastrawin.ro\\\/fr\\\/termeni-si-conditii\\\/#breadcrumb\"},\"inLanguage\":\"fr-FR\",\"potentialAction\":[{\"@type\":\"ReadAction\",\"target\":[\"https:\\\/\\\/www.fereastrawin.ro\\\/fr\\\/termeni-si-conditii\\\/\"]}]},{\"@type\":\"BreadcrumbList\",\"@id\":\"https:\\\/\\\/www.fereastrawin.ro\\\/fr\\\/termeni-si-conditii\\\/#breadcrumb\",\"itemListElement\":[{\"@type\":\"ListItem\",\"position\":1,\"name\":\"Home\",\"item\":\"https:\\\/\\\/www.fereastrawin.ro\\\/fr\\\/\"},{\"@type\":\"ListItem\",\"position\":2,\"name\":\"conditions g\u00e9n\u00e9rales\"}]},{\"@type\":\"WebSite\",\"@id\":\"https:\\\/\\\/www.fereastrawin.ro\\\/fr\\\/#website\",\"url\":\"https:\\\/\\\/www.fereastrawin.ro\\\/fr\\\/\",\"name\":\"Fereastra WIN\",\"description\":\"\",\"publisher\":{\"@id\":\"https:\\\/\\\/www.fereastrawin.ro\\\/fr\\\/#organization\"},\"potentialAction\":[{\"@type\":\"SearchAction\",\"target\":{\"@type\":\"EntryPoint\",\"urlTemplate\":\"https:\\\/\\\/www.fereastrawin.ro\\\/fr\\\/?s={search_term_string}\"},\"query-input\":{\"@type\":\"PropertyValueSpecification\",\"valueRequired\":true,\"valueName\":\"search_term_string\"}}],\"inLanguage\":\"fr-FR\"},{\"@type\":\"Organization\",\"@id\":\"https:\\\/\\\/www.fereastrawin.ro\\\/fr\\\/#organization\",\"name\":\"Fereastra WIN\",\"url\":\"https:\\\/\\\/www.fereastrawin.ro\\\/fr\\\/\",\"logo\":{\"@type\":\"ImageObject\",\"inLanguage\":\"fr-FR\",\"@id\":\"https:\\\/\\\/www.fereastrawin.ro\\\/fr\\\/#\\\/schema\\\/logo\\\/image\\\/\",\"url\":\"https:\\\/\\\/www.fereastrawin.ro\\\/wp-content\\\/uploads\\\/2024\\\/03\\\/logo_new.png\",\"contentUrl\":\"https:\\\/\\\/www.fereastrawin.ro\\\/wp-content\\\/uploads\\\/2024\\\/03\\\/logo_new.png\",\"width\":167,\"height\":81,\"caption\":\"Fereastra WIN\"},\"image\":{\"@id\":\"https:\\\/\\\/www.fereastrawin.ro\\\/fr\\\/#\\\/schema\\\/logo\\\/image\\\/\"},\"sameAs\":[\"https:\\\/\\\/www.facebook.com\\\/fereastrawinofficial\\\/\"]}]}<\/script>\n<!-- \/ Yoast SEO plugin. -->","yoast_head_json":{"title":"conditions g\u00e9n\u00e9rales - Fereastra WIN","robots":{"index":"index","follow":"follow","max-snippet":"max-snippet:-1","max-image-preview":"max-image-preview:large","max-video-preview":"max-video-preview:-1"},"canonical":"https:\/\/www.fereastrawin.ro\/fr\/termeni-si-conditii\/","og_locale":"fr_FR","og_type":"article","og_title":"conditions g\u00e9n\u00e9rales - Fereastra WIN","og_description":"Nom de l&rsquo;entreprise : S.C. WIN IMPEX S.R.L.Si\u00e8ge social : 70, rue George Enescu, jud. DoljCode fiscal : RO4175781Num\u00e9ro de registre du commerce : J16\/1377\/1993Capital social : 2500000 RON Conditions d&rsquo;utilisation du site www.fereastrawin.ro. ACCEPTATION DES CONDITIONS En acc\u00e9dant \u00e0 ce site web et\/ou \u00e0 l&rsquo;une de ses pages, vous acceptez les pr\u00e9sentes conditions d&rsquo;utilisation. [&hellip;]","og_url":"https:\/\/www.fereastrawin.ro\/fr\/termeni-si-conditii\/","og_site_name":"Fereastra WIN","article_publisher":"https:\/\/www.facebook.com\/fereastrawinofficial\/","article_modified_time":"2024-04-11T23:53:04+00:00","twitter_card":"summary_large_image","twitter_misc":{"Dur\u00e9e de lecture estim\u00e9e":"2 minutes"},"schema":{"@context":"https:\/\/schema.org","@graph":[{"@type":"WebPage","@id":"https:\/\/www.fereastrawin.ro\/fr\/termeni-si-conditii\/","url":"https:\/\/www.fereastrawin.ro\/fr\/termeni-si-conditii\/","name":"conditions g\u00e9n\u00e9rales - Fereastra WIN","isPartOf":{"@id":"https:\/\/www.fereastrawin.ro\/fr\/#website"},"datePublished":"2024-03-27T21:44:34+00:00","dateModified":"2024-04-11T23:53:04+00:00","breadcrumb":{"@id":"https:\/\/www.fereastrawin.ro\/fr\/termeni-si-conditii\/#breadcrumb"},"inLanguage":"fr-FR","potentialAction":[{"@type":"ReadAction","target":["https:\/\/www.fereastrawin.ro\/fr\/termeni-si-conditii\/"]}]},{"@type":"BreadcrumbList","@id":"https:\/\/www.fereastrawin.ro\/fr\/termeni-si-conditii\/#breadcrumb","itemListElement":[{"@type":"ListItem","position":1,"name":"Home","item":"https:\/\/www.fereastrawin.ro\/fr\/"},{"@type":"ListItem","position":2,"name":"conditions g\u00e9n\u00e9rales"}]},{"@type":"WebSite","@id":"https:\/\/www.fereastrawin.ro\/fr\/#website","url":"https:\/\/www.fereastrawin.ro\/fr\/","name":"Fereastra WIN","description":"","publisher":{"@id":"https:\/\/www.fereastrawin.ro\/fr\/#organization"},"potentialAction":[{"@type":"SearchAction","target":{"@type":"EntryPoint","urlTemplate":"https:\/\/www.fereastrawin.ro\/fr\/?s={search_term_string}"},"query-input":{"@type":"PropertyValueSpecification","valueRequired":true,"valueName":"search_term_string"}}],"inLanguage":"fr-FR"},{"@type":"Organization","@id":"https:\/\/www.fereastrawin.ro\/fr\/#organization","name":"Fereastra WIN","url":"https:\/\/www.fereastrawin.ro\/fr\/","logo":{"@type":"ImageObject","inLanguage":"fr-FR","@id":"https:\/\/www.fereastrawin.ro\/fr\/#\/schema\/logo\/image\/","url":"https:\/\/www.fereastrawin.ro\/wp-content\/uploads\/2024\/03\/logo_new.png","contentUrl":"https:\/\/www.fereastrawin.ro\/wp-content\/uploads\/2024\/03\/logo_new.png","width":167,"height":81,"caption":"Fereastra WIN"},"image":{"@id":"https:\/\/www.fereastrawin.ro\/fr\/#\/schema\/logo\/image\/"},"sameAs":["https:\/\/www.facebook.com\/fereastrawinofficial\/"]}]}},"_links":{"self":[{"href":"https:\/\/www.fereastrawin.ro\/fr\/wp-json\/wp\/v2\/pages\/9406","targetHints":{"allow":["GET"]}}],"collection":[{"href":"https:\/\/www.fereastrawin.ro\/fr\/wp-json\/wp\/v2\/pages"}],"about":[{"href":"https:\/\/www.fereastrawin.ro\/fr\/wp-json\/wp\/v2\/types\/page"}],"author":[{"embeddable":true,"href":"https:\/\/www.fereastrawin.ro\/fr\/wp-json\/wp\/v2\/users\/4"}],"replies":[{"embeddable":true,"href":"https:\/\/www.fereastrawin.ro\/fr\/wp-json\/wp\/v2\/comments?post=9406"}],"version-history":[{"count":0,"href":"https:\/\/www.fereastrawin.ro\/fr\/wp-json\/wp\/v2\/pages\/9406\/revisions"}],"wp:attachment":[{"href":"https:\/\/www.fereastrawin.ro\/fr\/wp-json\/wp\/v2\/media?parent=9406"}],"curies":[{"name":"wp","href":"https:\/\/api.w.org\/{rel}","templated":true}]}}