{"id":9403,"date":"2024-03-27T21:54:37","date_gmt":"2024-03-27T21:54:37","guid":{"rendered":"https:\/\/www.fereastrawin.ro\/cookies\/"},"modified":"2024-06-23T02:08:17","modified_gmt":"2024-06-23T02:08:17","slug":"cookies","status":"publish","type":"page","link":"https:\/\/www.fereastrawin.ro\/fr\/cookies\/","title":{"rendered":"Cookies"},"content":{"rendered":"&#13;\n<p>Cette politique en mati\u00e8re de cookies s&rsquo;applique \u00e0 tous les utilisateurs de www.fereastrawin.ro.<\/p>&#13;\n&#13;\n<p>Les informations suivantes sont destin\u00e9es \u00e0 informer les utilisateurs de ce site sur le placement, l&rsquo;utilisation et la gestion des cookies par la S.C. WIN IMPEX S.R.L. dans le cadre de la navigation des utilisateurs sur ce site.<\/p>&#13;\n&#13;\n<p>Qu&rsquo;est-ce qu&rsquo;un biscuit ?<\/p>&#13;\n&#13;\n<p>Nous utilisons le terme \u00ab\u00a0cookies\u00a0\u00bb pour d\u00e9signer les cookies et les technologies similaires qui permettent de collecter automatiquement des informations.<\/p>&#13;\n&#13;\n<p>Un \u00ab\u00a0cookie Internet\u00a0\u00bb (\u00e9galement appel\u00e9 \u00ab\u00a0cookie de navigateur\u00a0\u00bb, \u00ab\u00a0cookie HTTP\u00a0\u00bb ou \u00ab\u00a0cookie\u00a0\u00bb) est un petit fichier de lettres et de chiffres qui sera stock\u00e9 sur l&rsquo;ordinateur, l&rsquo;appareil mobile ou tout autre \u00e9quipement de l&rsquo;utilisateur par l&rsquo;interm\u00e9diaire duquel il acc\u00e8de \u00e0 Internet.<\/p>&#13;\n&#13;\n<p>Les cookies sont cr\u00e9\u00e9s par une requ\u00eate d&rsquo;un serveur web \u00e0 un navigateur (par exemple Internet Explorer, Firefox, Chrome). Les cookies, une fois install\u00e9s, ont une dur\u00e9e de vie fixe et restent \u00ab\u00a0passifs\u00a0\u00bb en ce sens qu&rsquo;ils ne contiennent pas de logiciel, de virus ou de logiciel espion et qu&rsquo;ils n&rsquo;acc\u00e8dent pas aux informations contenues dans le disque dur de l&rsquo;utilisateur sur le dispositif duquel ils sont install\u00e9s.<\/p>&#13;\n&#13;\n<p>Un cookie se compose de deux parties : le nom du cookie et le contenu ou la valeur du cookie.<\/p>&#13;\n&#13;\n<p>Techniquement, seul le serveur web qui a envoy\u00e9 le cookie peut y acc\u00e9der \u00e0 nouveau lorsqu&rsquo;un utilisateur revient sur la page web associ\u00e9e \u00e0 ce serveur web.<\/p>&#13;\n&#13;\n<p>\u00c0 quelles fins les cookies sont utilis\u00e9s sur ce site web :<\/p>&#13;\n&#13;\n<p>Les cookies sont utilis\u00e9s pour offrir aux utilisateurs de ce site web une meilleure exp\u00e9rience de navigation et des services adapt\u00e9s aux besoins et aux int\u00e9r\u00eats des utilisateurs individuels, notamment pour :<\/p>&#13;\n&#13;\n<p>&#8211; am\u00e9liorer la convivialit\u00e9 de ce site web, notamment en identifiant les erreurs qui se produisent lors de la visite\/utilisation de ce site web par les utilisateurs ;<\/p>&#13;\n&#13;\n<p>&#8211; fournir des statistiques anonymes sur l&rsquo;utilisation de ce site au propri\u00e9taire de ce site ;<\/p>&#13;\n&#13;\n<p>&#8211; l&rsquo;anticipation d&rsquo;\u00e9ventuels biens futurs qui seront mis \u00e0 la disposition des utilisateurs par l&rsquo;interm\u00e9diaire de ce site web, en fonction des services\/produits auxquels on acc\u00e8de.<\/p>&#13;\n&#13;\n<p>Sur la base des informations envoy\u00e9es par les cookies concernant l&rsquo;utilisation de ce site web, le propri\u00e9taire peut prendre des mesures pour rendre ce site plus efficace et plus accessible aux utilisateurs.<\/p>&#13;\n&#13;\n<p>Ainsi, l&rsquo;utilisation de cookies permet de stocker certains param\u00e8tres\/pr\u00e9f\u00e9rences d\u00e9finis par les utilisateurs de ce site web, comme par exemple :<\/p>&#13;\n&#13;\n<p>&#8211; la langue dans laquelle une page web est visualis\u00e9e ;<\/p>&#13;\n&#13;\n<p>&#8211; publier des commentaires sur le site web.<\/p>&#13;\n&#13;\n<p>Quelle est la dur\u00e9e de vie des cookies ?<\/p>&#13;\n&#13;\n<p>La dur\u00e9e de vie des cookies peut varier consid\u00e9rablement en fonction de la raison pour laquelle ils sont plac\u00e9s. Il existe les cat\u00e9gories de cookies suivantes, qui d\u00e9terminent \u00e9galement leur dur\u00e9e de vie :<\/p>&#13;\n&#13;\n<p>Cookies de session &#8211; Un \u00ab\u00a0cookie de session\u00a0\u00bb est un cookie qui est automatiquement supprim\u00e9 lorsque l&rsquo;utilisateur ferme son navigateur.<\/p>&#13;\n&#13;\n<p>Cookies persistants ou fixes &#8211; Un cookie \u00ab\u00a0persistant\u00a0\u00bb ou \u00ab\u00a0fixe\u00a0\u00bb est un cookie qui reste stock\u00e9 sur le terminal de l&rsquo;utilisateur jusqu&rsquo;\u00e0 ce qu&rsquo;il atteigne une certaine date d&rsquo;expiration (qui peut se situer dans les minutes, les jours ou les ann\u00e9es \u00e0 venir) ou jusqu&rsquo;\u00e0 ce que l&rsquo;utilisateur le supprime \u00e0 tout moment via les param\u00e8tres du navigateur.<\/p>&#13;\n&#13;\n<p>Qu&rsquo;est-ce qu&rsquo;un cookie de tiers ?<\/p>&#13;\n&#13;\n<p>Certaines parties du contenu du site web peuvent \u00eatre fournies par des tiers, c&rsquo;est-\u00e0-dire par des personnes qui ne sont pas propri\u00e9taires du site web, auquel cas ces cookies sont appel\u00e9s \u00ab\u00a0cookies de tiers\u00a0\u00bb.<\/p>&#13;\n&#13;\n<p>Les fournisseurs de cookies tiers doivent \u00e9galement se conformer aux r\u00e8gles de protection des donn\u00e9es et \u00e0 la politique de confidentialit\u00e9 disponible sur ce site web.<\/p>&#13;\n&#13;\n<p>Ces cookies peuvent provenir des tiers suivants : Google Analytics, Facebook ou d&rsquo;autres sources de cookies qui utilisent des donn\u00e9es personnelles.<\/p>&#13;\n&#13;\n<p>Quels sont les cookies utilis\u00e9s sur ce site web ?<\/p>&#13;\n&#13;\n<p>En utilisant\/visitant le site web, les cookies suivants peuvent \u00eatre plac\u00e9s :<\/p>&#13;\n&#13;\n<p>a. Cookies de performance du site web ;<\/p>&#13;\n&#13;\n<p>b. Cookies d&rsquo;analyse de l&rsquo;utilisateur ;<\/p>&#13;\n&#13;\n<p>c. Cookies pour le g\u00e9o-ciblage ;<\/p>&#13;\n&#13;\n<p>d. Cookies d&rsquo;enregistrement ;<\/p>&#13;\n&#13;\n<p>e. Cookies publicitaires ;<\/p>&#13;\n&#13;\n<p>f. Cookies des fournisseurs de publicit\u00e9 ;<\/p>&#13;\n&#13;\n<p>g. Autre.<\/p>&#13;\n&#13;\n<p>Cookies de performance<\/p>&#13;\n&#13;\n<p>Ce type de cookie stocke les pr\u00e9f\u00e9rences de l&rsquo;utilisateur de ce site web, de sorte qu&rsquo;il n&rsquo;est pas n\u00e9cessaire de d\u00e9finir \u00e0 nouveau ces pr\u00e9f\u00e9rences lors d&rsquo;une nouvelle visite sur le site web.<\/p>&#13;\n&#13;\n<p>Cookies d&rsquo;analyse de l&rsquo;utilisateur<\/p>&#13;\n&#13;\n<p>Ces cookies nous indiquent si l&rsquo;utilisateur d&rsquo;un site web particulier a d\u00e9j\u00e0 visit\u00e9\/utilis\u00e9 ce site web. Ces cookies sont utilis\u00e9s \u00e0 des fins statistiques uniquement.<\/p>&#13;\n&#13;\n<p>Cookies pour le g\u00e9o-ciblage<\/p>&#13;\n&#13;\n<p>Ces cookies sont utilis\u00e9s par un logiciel qui d\u00e9termine le pays d&rsquo;origine de l&rsquo;utilisateur du site web. Les m\u00eames annonces seront re\u00e7ues quelle que soit la langue choisie.<\/p>&#13;\n&#13;\n<p>Cookies pour l&rsquo;enregistrement<\/p>&#13;\n&#13;\n<p>Lorsque vous vous inscrivez sur ce site, des cookies sont g\u00e9n\u00e9r\u00e9s pour s&rsquo;en souvenir. Les serveurs utilisent ces cookies pour nous montrer le compte avec lequel vous \u00eates enregistr\u00e9. L&rsquo;utilisation de ces cookies nous permet \u00e9galement d&rsquo;associer les commentaires post\u00e9s sur le site au nom d&rsquo;utilisateur du compte utilis\u00e9.<\/p>&#13;\n&#13;\n<p>Cookies publicitaires<\/p>&#13;\n&#13;\n<p>Ces cookies nous permettent de savoir si un utilisateur a consult\u00e9 une publicit\u00e9 en ligne, le type de publicit\u00e9 et le temps \u00e9coul\u00e9 depuis la consultation de la publicit\u00e9. En tant que tels, ces cookies sont utilis\u00e9s pour cibler la publicit\u00e9 en ligne. Ces cookies sont anonymes et stockent des informations sur le contenu consult\u00e9 et non sur les utilisateurs.<\/p>&#13;\n&#13;\n<p>Quel type d&rsquo;information est stock\u00e9 et accessible par le biais des cookies ?<\/p>&#13;\n&#13;\n<p>Les cookies stockent des informations dans un petit fichier texte qui permet de reconna\u00eetre le navigateur. Ce site web reconna\u00eet votre navigateur jusqu&rsquo;\u00e0 ce que les cookies expirent ou soient supprim\u00e9s.<\/p>&#13;\n&#13;\n<p>Personnalisez les param\u00e8tres de votre navigateur pour les cookies<\/p>&#13;\n&#13;\n<p>Si l&rsquo;utilisation de cookies n&rsquo;est pas intrusive et que l&rsquo;ordinateur ou l&rsquo;\u00e9quipement technique utilis\u00e9 pour naviguer sur ce site web n&rsquo;est utilis\u00e9 que par vous, de longues p\u00e9riodes d&rsquo;expiration peuvent \u00eatre fix\u00e9es pour stocker votre historique de navigation.<\/p>&#13;\n&#13;\n<p>Si l&rsquo;ordinateur ou l&rsquo;\u00e9quipement technique utilis\u00e9 pour naviguer sur ce site web est utilis\u00e9 par plusieurs personnes, vous pouvez envisager de r\u00e9gler la suppression des donn\u00e9es de navigation individuelles \u00e0 chaque fois que le navigateur est ferm\u00e9.<\/p>&#13;\n&#13;\n<p>Comment d\u00e9sactiver les cookies ?<\/p>&#13;\n&#13;\n<p>La d\u00e9sactivation des cookies et le refus de les recevoir peuvent rendre la visite de ce site difficile et limiter votre capacit\u00e9 \u00e0 l&rsquo;utiliser.<\/p>&#13;\n&#13;\n<p>Les utilisateurs peuvent configurer leur navigateur pour qu&rsquo;il rejette les cookies ou qu&rsquo;il accepte les cookies provenant d&rsquo;un site web sp\u00e9cifique.<\/p>&#13;\n&#13;\n<p>Tous les navigateurs modernes offrent la possibilit\u00e9 de modifier les param\u00e8tres des cookies. Ces param\u00e8tres sont g\u00e9n\u00e9ralement accessibles dans le menu \u00ab\u00a0options\u00a0\u00bb ou \u00ab\u00a0pr\u00e9f\u00e9rences\u00a0\u00bb de votre navigateur.<\/p>&#13;\n&#13;\n<p>Cependant, refuser ou d\u00e9sactiver les cookies ne signifie pas que vous ne recevrez plus de publicit\u00e9 en ligne, mais simplement que celle-ci ne sera pas adapt\u00e9e \u00e0 vos pr\u00e9f\u00e9rences et \u00e0 vos centres d&rsquo;int\u00e9r\u00eat, comme le montre votre comportement de navigation.<\/p>&#13;\n&#13;\n<p>Pour comprendre ces param\u00e8tres, les liens suivants peuvent \u00eatre utiles :<\/p>&#13;\n&#13;\n<p>&#8211; <a href=\"https:\/\/support.microsoft.com\/en-us\/help\/17442\/windows-internet-explorer-delete-manage-cookies\">Param\u00e8tres des cookies dans Internet Explorer<\/a>;<\/p>&#13;\n&#13;\n<p>&#8211; <a href=\"https:\/\/support.mozilla.org\/en-US\/kb\/enable-and-disable-cookies-website-preferences\">Param\u00e8tres des cookies dans Firefox<\/a>;<\/p>&#13;\n&#13;\n<p>&#8211; <a href=\"https:\/\/support.google.com\/chrome\/answer\/95647\">Param\u00e8tres des cookies dans Chrome<\/a>;<\/p>&#13;\n&#13;\n<p>&#8211; <a href=\"https:\/\/support.apple.com\/en-gb\/guide\/safari\/manage-cookies-and-website-data-sfri11471\/mac\">Param\u00e8tres des cookies dans Safari<\/a>.<\/p>&#13;\n&#13;\n<p>Si vous avez d&rsquo;autres questions sur la mani\u00e8re dont les cookies sont utilis\u00e9s sur ce site web, veuillez envoyer un courriel \u00e0 monicamihalache@wingrup.ro.<\/p>&#13;\n","protected":false},"excerpt":{"rendered":"<p>&#13; Cette politique en mati\u00e8re de cookies s&rsquo;applique \u00e0 tous les utilisateurs de www.fereastrawin.ro. &#13; &#13; Les informations suivantes sont destin\u00e9es \u00e0 informer les utilisateurs de ce site sur le placement, l&rsquo;utilisation et la gestion des cookies par la S.C. WIN IMPEX S.R.L. dans le cadre de la navigation des utilisateurs sur ce site. &#13; [&hellip;]<\/p>\n","protected":false},"author":4,"featured_media":0,"parent":0,"menu_order":0,"comment_status":"closed","ping_status":"closed","template":"","meta":{"footnotes":""},"class_list":["post-9403","page","type-page","status-publish","hentry"],"yoast_head":"<!-- This site is optimized with the Yoast SEO plugin v27.3 - https:\/\/yoast.com\/product\/yoast-seo-wordpress\/ -->\n<title>Cookies - Fereastra WIN<\/title>\n<meta name=\"robots\" content=\"noindex, nofollow\" \/>\n<meta property=\"og:locale\" content=\"fr_FR\" \/>\n<meta property=\"og:type\" content=\"article\" \/>\n<meta property=\"og:title\" content=\"Cookies - Fereastra WIN\" \/>\n<meta property=\"og:description\" content=\"&#013; Cette politique en mati\u00e8re de cookies s&rsquo;applique \u00e0 tous les utilisateurs de www.fereastrawin.ro. &#013; &#013; Les informations suivantes sont destin\u00e9es \u00e0 informer les utilisateurs de ce site sur le placement, l&rsquo;utilisation et la gestion des cookies par la S.C. WIN IMPEX S.R.L. dans le cadre de la navigation des utilisateurs sur ce site. &#013; [&hellip;]\" \/>\n<meta property=\"og:url\" content=\"https:\/\/www.fereastrawin.ro\/fr\/cookies\/\" \/>\n<meta property=\"og:site_name\" content=\"Fereastra WIN\" \/>\n<meta property=\"article:publisher\" content=\"https:\/\/www.facebook.com\/fereastrawinofficial\/\" \/>\n<meta property=\"article:modified_time\" content=\"2024-06-23T02:08:17+00:00\" \/>\n<meta name=\"twitter:card\" content=\"summary_large_image\" \/>\n<meta name=\"twitter:label1\" content=\"Dur\u00e9e de lecture estim\u00e9e\" \/>\n\t<meta name=\"twitter:data1\" content=\"6 minutes\" \/>\n<script type=\"application\/ld+json\" class=\"yoast-schema-graph\">{\"@context\":\"https:\\\/\\\/schema.org\",\"@graph\":[{\"@type\":\"WebPage\",\"@id\":\"https:\\\/\\\/www.fereastrawin.ro\\\/fr\\\/cookies\\\/\",\"url\":\"https:\\\/\\\/www.fereastrawin.ro\\\/fr\\\/cookies\\\/\",\"name\":\"Cookies - Fereastra WIN\",\"isPartOf\":{\"@id\":\"https:\\\/\\\/www.fereastrawin.ro\\\/fr\\\/#website\"},\"datePublished\":\"2024-03-27T21:54:37+00:00\",\"dateModified\":\"2024-06-23T02:08:17+00:00\",\"breadcrumb\":{\"@id\":\"https:\\\/\\\/www.fereastrawin.ro\\\/fr\\\/cookies\\\/#breadcrumb\"},\"inLanguage\":\"fr-FR\",\"potentialAction\":[{\"@type\":\"ReadAction\",\"target\":[\"https:\\\/\\\/www.fereastrawin.ro\\\/fr\\\/cookies\\\/\"]}]},{\"@type\":\"BreadcrumbList\",\"@id\":\"https:\\\/\\\/www.fereastrawin.ro\\\/fr\\\/cookies\\\/#breadcrumb\",\"itemListElement\":[{\"@type\":\"ListItem\",\"position\":1,\"name\":\"Home\",\"item\":\"https:\\\/\\\/www.fereastrawin.ro\\\/fr\\\/\"},{\"@type\":\"ListItem\",\"position\":2,\"name\":\"Cookies\"}]},{\"@type\":\"WebSite\",\"@id\":\"https:\\\/\\\/www.fereastrawin.ro\\\/fr\\\/#website\",\"url\":\"https:\\\/\\\/www.fereastrawin.ro\\\/fr\\\/\",\"name\":\"Fereastra WIN\",\"description\":\"\",\"publisher\":{\"@id\":\"https:\\\/\\\/www.fereastrawin.ro\\\/fr\\\/#organization\"},\"potentialAction\":[{\"@type\":\"SearchAction\",\"target\":{\"@type\":\"EntryPoint\",\"urlTemplate\":\"https:\\\/\\\/www.fereastrawin.ro\\\/fr\\\/?s={search_term_string}\"},\"query-input\":{\"@type\":\"PropertyValueSpecification\",\"valueRequired\":true,\"valueName\":\"search_term_string\"}}],\"inLanguage\":\"fr-FR\"},{\"@type\":\"Organization\",\"@id\":\"https:\\\/\\\/www.fereastrawin.ro\\\/fr\\\/#organization\",\"name\":\"Fereastra WIN\",\"url\":\"https:\\\/\\\/www.fereastrawin.ro\\\/fr\\\/\",\"logo\":{\"@type\":\"ImageObject\",\"inLanguage\":\"fr-FR\",\"@id\":\"https:\\\/\\\/www.fereastrawin.ro\\\/fr\\\/#\\\/schema\\\/logo\\\/image\\\/\",\"url\":\"https:\\\/\\\/www.fereastrawin.ro\\\/wp-content\\\/uploads\\\/2024\\\/03\\\/logo_new.png\",\"contentUrl\":\"https:\\\/\\\/www.fereastrawin.ro\\\/wp-content\\\/uploads\\\/2024\\\/03\\\/logo_new.png\",\"width\":167,\"height\":81,\"caption\":\"Fereastra WIN\"},\"image\":{\"@id\":\"https:\\\/\\\/www.fereastrawin.ro\\\/fr\\\/#\\\/schema\\\/logo\\\/image\\\/\"},\"sameAs\":[\"https:\\\/\\\/www.facebook.com\\\/fereastrawinofficial\\\/\"]}]}<\/script>\n<!-- \/ Yoast SEO plugin. -->","yoast_head_json":{"title":"Cookies - Fereastra WIN","robots":{"index":"noindex","follow":"nofollow"},"og_locale":"fr_FR","og_type":"article","og_title":"Cookies - Fereastra WIN","og_description":"&#13; Cette politique en mati\u00e8re de cookies s&rsquo;applique \u00e0 tous les utilisateurs de www.fereastrawin.ro. &#13; &#13; Les informations suivantes sont destin\u00e9es \u00e0 informer les utilisateurs de ce site sur le placement, l&rsquo;utilisation et la gestion des cookies par la S.C. WIN IMPEX S.R.L. dans le cadre de la navigation des utilisateurs sur ce site. &#13; [&hellip;]","og_url":"https:\/\/www.fereastrawin.ro\/fr\/cookies\/","og_site_name":"Fereastra WIN","article_publisher":"https:\/\/www.facebook.com\/fereastrawinofficial\/","article_modified_time":"2024-06-23T02:08:17+00:00","twitter_card":"summary_large_image","twitter_misc":{"Dur\u00e9e de lecture estim\u00e9e":"6 minutes"},"schema":{"@context":"https:\/\/schema.org","@graph":[{"@type":"WebPage","@id":"https:\/\/www.fereastrawin.ro\/fr\/cookies\/","url":"https:\/\/www.fereastrawin.ro\/fr\/cookies\/","name":"Cookies - Fereastra WIN","isPartOf":{"@id":"https:\/\/www.fereastrawin.ro\/fr\/#website"},"datePublished":"2024-03-27T21:54:37+00:00","dateModified":"2024-06-23T02:08:17+00:00","breadcrumb":{"@id":"https:\/\/www.fereastrawin.ro\/fr\/cookies\/#breadcrumb"},"inLanguage":"fr-FR","potentialAction":[{"@type":"ReadAction","target":["https:\/\/www.fereastrawin.ro\/fr\/cookies\/"]}]},{"@type":"BreadcrumbList","@id":"https:\/\/www.fereastrawin.ro\/fr\/cookies\/#breadcrumb","itemListElement":[{"@type":"ListItem","position":1,"name":"Home","item":"https:\/\/www.fereastrawin.ro\/fr\/"},{"@type":"ListItem","position":2,"name":"Cookies"}]},{"@type":"WebSite","@id":"https:\/\/www.fereastrawin.ro\/fr\/#website","url":"https:\/\/www.fereastrawin.ro\/fr\/","name":"Fereastra WIN","description":"","publisher":{"@id":"https:\/\/www.fereastrawin.ro\/fr\/#organization"},"potentialAction":[{"@type":"SearchAction","target":{"@type":"EntryPoint","urlTemplate":"https:\/\/www.fereastrawin.ro\/fr\/?s={search_term_string}"},"query-input":{"@type":"PropertyValueSpecification","valueRequired":true,"valueName":"search_term_string"}}],"inLanguage":"fr-FR"},{"@type":"Organization","@id":"https:\/\/www.fereastrawin.ro\/fr\/#organization","name":"Fereastra WIN","url":"https:\/\/www.fereastrawin.ro\/fr\/","logo":{"@type":"ImageObject","inLanguage":"fr-FR","@id":"https:\/\/www.fereastrawin.ro\/fr\/#\/schema\/logo\/image\/","url":"https:\/\/www.fereastrawin.ro\/wp-content\/uploads\/2024\/03\/logo_new.png","contentUrl":"https:\/\/www.fereastrawin.ro\/wp-content\/uploads\/2024\/03\/logo_new.png","width":167,"height":81,"caption":"Fereastra WIN"},"image":{"@id":"https:\/\/www.fereastrawin.ro\/fr\/#\/schema\/logo\/image\/"},"sameAs":["https:\/\/www.facebook.com\/fereastrawinofficial\/"]}]}},"_links":{"self":[{"href":"https:\/\/www.fereastrawin.ro\/fr\/wp-json\/wp\/v2\/pages\/9403","targetHints":{"allow":["GET"]}}],"collection":[{"href":"https:\/\/www.fereastrawin.ro\/fr\/wp-json\/wp\/v2\/pages"}],"about":[{"href":"https:\/\/www.fereastrawin.ro\/fr\/wp-json\/wp\/v2\/types\/page"}],"author":[{"embeddable":true,"href":"https:\/\/www.fereastrawin.ro\/fr\/wp-json\/wp\/v2\/users\/4"}],"replies":[{"embeddable":true,"href":"https:\/\/www.fereastrawin.ro\/fr\/wp-json\/wp\/v2\/comments?post=9403"}],"version-history":[{"count":0,"href":"https:\/\/www.fereastrawin.ro\/fr\/wp-json\/wp\/v2\/pages\/9403\/revisions"}],"wp:attachment":[{"href":"https:\/\/www.fereastrawin.ro\/fr\/wp-json\/wp\/v2\/media?parent=9403"}],"curies":[{"name":"wp","href":"https:\/\/api.w.org\/{rel}","templated":true}]}}