{"id":9400,"date":"2024-04-01T20:07:31","date_gmt":"2024-04-01T20:07:31","guid":{"rendered":"https:\/\/www.fereastrawin.ro\/cariere\/"},"modified":"2024-04-17T16:03:33","modified_gmt":"2024-04-17T16:03:33","slug":"cariere","status":"publish","type":"page","link":"https:\/\/www.fereastrawin.ro\/fr\/cariere\/","title":{"rendered":"Carri\u00e8res"},"content":{"rendered":"\t\t<div data-elementor-type=\"wp-page\" data-elementor-id=\"9400\" class=\"elementor elementor-9400 elementor-8377\">\n\t\t\t\t<div class=\"elementor-element elementor-element-017e27a e-flex e-con-boxed e-con e-parent\" data-id=\"017e27a\" data-element_type=\"container\">\n\t\t\t\t\t<div class=\"e-con-inner\">\n\t\t\t\t<div class=\"elementor-element elementor-element-e29f334 elementor-widget elementor-widget-tadao_core_section_title\" data-id=\"e29f334\" data-element_type=\"widget\" data-widget_type=\"tadao_core_section_title.default\">\n\t\t\t\t<div class=\"elementor-widget-container\">\n\t\t\t\t\t<div class=\"qodef-shortcode qodef-m  qodef-section-title qodef-alignment--center  \">\n\t\t<h1 class=\"qodef-m-title\" >\n\t\t\t\t\tRejoignez notre \u00e9quipe !\t\t\t<\/h1>\n\t\t<p class=\"qodef-m-text\" >Construisez votre avenir dans un environnement professionnel, au sein d&#039;une \u00e9quipe soud\u00e9e et communicative qui fait preuve de professionnalisme et de responsabilit\u00e9.\n\nSaisissez les opportunit\u00e9s qui s&#039;offrent \u00e0 vous et rejoignez l&#039;\u00e9quipe de Win Window !<\/p>\n<\/div>\n\t\t\t\t<\/div>\n\t\t\t\t<\/div>\n\t\t\t\t\t<\/div>\n\t\t\t\t<\/div>\n\t\t<div class=\"elementor-element elementor-element-8b044f1 e-flex e-con-boxed e-con e-parent\" data-id=\"8b044f1\" data-element_type=\"container\">\n\t\t\t\t\t<div class=\"e-con-inner\">\n\t\t\t\t<div class=\"elementor-element elementor-element-e43784f elementor-widget elementor-widget-tadao_core_accordion\" data-id=\"e43784f\" data-element_type=\"widget\" data-widget_type=\"tadao_core_accordion.default\">\n\t\t\t\t<div class=\"elementor-widget-container\">\n\t\t\t\t\t<div class=\"qodef-shortcode qodef-m  qodef-accordion clear qodef-behavior--accordion qodef-layout--simple\">\n\t<h4 class=\"qodef-accordion-title\">\n\t<span class=\"qodef-tab-title\">Consultant en vente<\/span>\n\t<span class=\"qodef-accordion-mark\">\n\t\t<span class=\"qodef-icon--plus\"><\/span>\n\t<\/span>\n<\/h4>\n<div class=\"qodef-accordion-content\">\n\t<div class=\"qodef-accordion-content-inner\">\n\t\t<p>Le candidat id\u00e9al<\/p><p> <\/p><p>- Une exp\u00e9rience dans le domaine est un avantage ;<br>- comp\u00e9tences informatiques (logiciel MsOffice) ;<br>- des comp\u00e9tences en mati\u00e8re de communication, d'organisation et de planification ;<br>- r\u00e9sidence permanente \u00e0 Craiova.<br>Description de l'emploi<\/p><p>- fournit une assistance commerciale et technique comp\u00e9tente dans le choix de la variante optimale de la gamme de produits offerts par l'entreprise en fonction des besoins du client ;<br>- fait des offres commerciales\/calculs de prix accompagn\u00e9s de leurs annexes (fiche de mesure).<br>- conclut des contrats de vente et d'achat avec les partenaires et reste en contact avec eux pendant toute la dur\u00e9e du contrat ;<br>- prend en compte les plaintes \u00e9ventuelles et facilite leur r\u00e9solution rapide ;<\/p>\t<\/div>\n<\/div>\n<h4 class=\"qodef-accordion-title\">\n\t<span class=\"qodef-tab-title\">Poseur de menuiseries en PVC<\/span>\n\t<span class=\"qodef-accordion-mark\">\n\t\t<span class=\"qodef-icon--plus\"><\/span>\n\t<\/span>\n<\/h4>\n<div class=\"qodef-accordion-content\">\n\t<div class=\"qodef-accordion-content-inner\">\n\t\t<p>Le candidat id\u00e9al<\/p><p> <\/p><p>- Une exp\u00e9rience dans le domaine est un avantage ;<br>- comp\u00e9tences informatiques (logiciel MsOffice) ;<br>- des comp\u00e9tences en mati\u00e8re de communication, d'organisation et de planification ;<br>- r\u00e9sidence permanente \u00e0 Craiova.<br>Description de l'emploi<\/p><p>- fournit une assistance commerciale et technique comp\u00e9tente dans le choix de la variante optimale de la gamme de produits offerts par l'entreprise en fonction des besoins du client ;<br>- fait des offres commerciales\/calculs de prix accompagn\u00e9s de leurs annexes (fiche de mesure).<br>- conclut des contrats de vente et d'achat avec les partenaires et reste en contact avec eux pendant toute la dur\u00e9e du contrat ;<br>- prend en compte les plaintes \u00e9ventuelles et facilite leur r\u00e9solution rapide ;<\/p>\t<\/div>\n<\/div>\n<h4 class=\"qodef-accordion-title\">\n\t<span class=\"qodef-tab-title\">Responsable de la livraison<\/span>\n\t<span class=\"qodef-accordion-mark\">\n\t\t<span class=\"qodef-icon--plus\"><\/span>\n\t<\/span>\n<\/h4>\n<div class=\"qodef-accordion-content\">\n\t<div class=\"qodef-accordion-content-inner\">\n\t\t<p>Exigences :<br>- l'enseignement secondaire minimum ;<br>- personne consciencieuse, ponctuelle, s\u00e9rieuse ;<br>- des comp\u00e9tences en mati\u00e8re de communication et de travail d'\u00e9quipe ;<br>- heures de travail du lundi au vendredi<\/p><p> <\/p><p>Nous vous proposons :<br>- un package salarial motivant ;<br>- la possibilit\u00e9 d'un d\u00e9veloppement personnel dans une entreprise performante ;<\/p>\t<\/div>\n<\/div>\n<h4 class=\"qodef-accordion-title\">\n\t<span class=\"qodef-tab-title\">Manutentionnaires<\/span>\n\t<span class=\"qodef-accordion-mark\">\n\t\t<span class=\"qodef-icon--plus\"><\/span>\n\t<\/span>\n<\/h4>\n<div class=\"qodef-accordion-content\">\n\t<div class=\"qodef-accordion-content-inner\">\n\t\t<p>Description de l'emploi :<br>- charger\/d\u00e9charger les marchandises et les manipuler dans l'entrep\u00f4t ;<br>- la manipulation, le placement des produits dans les zones sp\u00e9cialement pr\u00e9vues \u00e0 cet effet ;<br>- le portage de la menuiserie et des \u00e9l\u00e9ments de vitrage isolant<\/p><p> <\/p><p>Exigences :<br>- des comp\u00e9tences en mati\u00e8re de planification et d'organisation ;<br>- la capacit\u00e9 \u00e0 travailler en \u00e9quipe ;<\/p><p>Nous vous proposons :<br>- poste permanent \u00e0 temps plein ;<br>- un package salarial motivant ;<\/p>\t<\/div>\n<\/div>\n<h4 class=\"qodef-accordion-title\">\n\t<span class=\"qodef-tab-title\">Fabricant de verre isolant<\/span>\n\t<span class=\"qodef-accordion-mark\">\n\t\t<span class=\"qodef-icon--plus\"><\/span>\n\t<\/span>\n<\/h4>\n<div class=\"qodef-accordion-content\">\n\t<div class=\"qodef-accordion-content-inner\">\n\t\t<p>Description de l'emploi :<\/p><p> <\/p><p>- la manipulation de mati\u00e8res premi\u00e8res et de mat\u00e9riaux avec des dispositifs\/installations sp\u00e9cifiques ;<br>- le fonctionnement des \u00e9quipements de traitement semi-automatiques\/automatiques ;<br>- traitement de la feuille de verre, traitement de l'intercalaire, assemblage des vitrages isolants ;<br>- l'envoi de vitrages isolants ;<br>- l'entretien courant des \u00e9quipements en service ;<\/p><p>Exigences :<\/p><p>- l'enseignement secondaire minimum ;<br>- personne consciencieuse, ponctuelle, s\u00e9rieuse ;<br>- des comp\u00e9tences en mati\u00e8re de communication et de travail d'\u00e9quipe ;<\/p><p>Nous vous proposons :<\/p><p>- poste permanent \u00e0 temps plein ;<br>- un package salarial motivant ;<\/p>\t<\/div>\n<\/div>\n<\/div>\n\t\t\t\t<\/div>\n\t\t\t\t<\/div>\n\t\t\t\t\t<\/div>\n\t\t\t\t<\/div>\n\t\t\t\t<\/div>\n\t\t","protected":false},"excerpt":{"rendered":"<p>Rejoignez notre \u00e9quipe ! Construisez votre avenir dans un environnement professionnel, au sein d&#039;une \u00e9quipe soud\u00e9e et communicative qui fait preuve de professionnalisme et de responsabilit\u00e9. Saisissez les opportunit\u00e9s qui s&#039;offrent \u00e0 vous et rejoignez l&#039;\u00e9quipe de Win Window ! Consultant en vente Le candidat id\u00e9al &#8211; Une exp\u00e9rience dans le domaine est un avantage [&hellip;]<\/p>\n","protected":false},"author":4,"featured_media":0,"parent":0,"menu_order":0,"comment_status":"closed","ping_status":"closed","template":"","meta":{"footnotes":""},"class_list":["post-9400","page","type-page","status-publish","hentry"],"yoast_head":"<!-- This site is optimized with the Yoast SEO plugin v27.3 - https:\/\/yoast.com\/product\/yoast-seo-wordpress\/ -->\n<title>Carri\u00e8res - Fereastra WIN<\/title>\n<meta name=\"robots\" content=\"index, follow, max-snippet:-1, max-image-preview:large, max-video-preview:-1\" \/>\n<link rel=\"canonical\" href=\"https:\/\/www.fereastrawin.ro\/fr\/cariere\/\" \/>\n<meta property=\"og:locale\" content=\"fr_FR\" \/>\n<meta property=\"og:type\" content=\"article\" \/>\n<meta property=\"og:title\" content=\"Carri\u00e8res - Fereastra WIN\" \/>\n<meta property=\"og:description\" content=\"Rejoignez notre \u00e9quipe ! Construisez votre avenir dans un environnement professionnel, au sein d&#039;une \u00e9quipe soud\u00e9e et communicative qui fait preuve de professionnalisme et de responsabilit\u00e9. Saisissez les opportunit\u00e9s qui s&#039;offrent \u00e0 vous et rejoignez l&#039;\u00e9quipe de Win Window ! Consultant en vente Le candidat id\u00e9al &#8211; Une exp\u00e9rience dans le domaine est un avantage [&hellip;]\" \/>\n<meta property=\"og:url\" content=\"https:\/\/www.fereastrawin.ro\/fr\/cariere\/\" \/>\n<meta property=\"og:site_name\" content=\"Fereastra WIN\" \/>\n<meta property=\"article:publisher\" content=\"https:\/\/www.facebook.com\/fereastrawinofficial\/\" \/>\n<meta property=\"article:modified_time\" content=\"2024-04-17T16:03:33+00:00\" \/>\n<meta name=\"twitter:card\" content=\"summary_large_image\" \/>\n<meta name=\"twitter:label1\" content=\"Dur\u00e9e de lecture estim\u00e9e\" \/>\n\t<meta name=\"twitter:data1\" content=\"3 minutes\" \/>\n<script type=\"application\/ld+json\" class=\"yoast-schema-graph\">{\"@context\":\"https:\\\/\\\/schema.org\",\"@graph\":[{\"@type\":\"WebPage\",\"@id\":\"https:\\\/\\\/www.fereastrawin.ro\\\/fr\\\/cariere\\\/\",\"url\":\"https:\\\/\\\/www.fereastrawin.ro\\\/fr\\\/cariere\\\/\",\"name\":\"Carri\u00e8res - Fereastra WIN\",\"isPartOf\":{\"@id\":\"https:\\\/\\\/www.fereastrawin.ro\\\/fr\\\/#website\"},\"datePublished\":\"2024-04-01T20:07:31+00:00\",\"dateModified\":\"2024-04-17T16:03:33+00:00\",\"breadcrumb\":{\"@id\":\"https:\\\/\\\/www.fereastrawin.ro\\\/fr\\\/cariere\\\/#breadcrumb\"},\"inLanguage\":\"fr-FR\",\"potentialAction\":[{\"@type\":\"ReadAction\",\"target\":[\"https:\\\/\\\/www.fereastrawin.ro\\\/fr\\\/cariere\\\/\"]}]},{\"@type\":\"BreadcrumbList\",\"@id\":\"https:\\\/\\\/www.fereastrawin.ro\\\/fr\\\/cariere\\\/#breadcrumb\",\"itemListElement\":[{\"@type\":\"ListItem\",\"position\":1,\"name\":\"Home\",\"item\":\"https:\\\/\\\/www.fereastrawin.ro\\\/fr\\\/\"},{\"@type\":\"ListItem\",\"position\":2,\"name\":\"Carri\u00e8res\"}]},{\"@type\":\"WebSite\",\"@id\":\"https:\\\/\\\/www.fereastrawin.ro\\\/fr\\\/#website\",\"url\":\"https:\\\/\\\/www.fereastrawin.ro\\\/fr\\\/\",\"name\":\"Fereastra WIN\",\"description\":\"\",\"publisher\":{\"@id\":\"https:\\\/\\\/www.fereastrawin.ro\\\/fr\\\/#organization\"},\"potentialAction\":[{\"@type\":\"SearchAction\",\"target\":{\"@type\":\"EntryPoint\",\"urlTemplate\":\"https:\\\/\\\/www.fereastrawin.ro\\\/fr\\\/?s={search_term_string}\"},\"query-input\":{\"@type\":\"PropertyValueSpecification\",\"valueRequired\":true,\"valueName\":\"search_term_string\"}}],\"inLanguage\":\"fr-FR\"},{\"@type\":\"Organization\",\"@id\":\"https:\\\/\\\/www.fereastrawin.ro\\\/fr\\\/#organization\",\"name\":\"Fereastra WIN\",\"url\":\"https:\\\/\\\/www.fereastrawin.ro\\\/fr\\\/\",\"logo\":{\"@type\":\"ImageObject\",\"inLanguage\":\"fr-FR\",\"@id\":\"https:\\\/\\\/www.fereastrawin.ro\\\/fr\\\/#\\\/schema\\\/logo\\\/image\\\/\",\"url\":\"https:\\\/\\\/www.fereastrawin.ro\\\/wp-content\\\/uploads\\\/2024\\\/03\\\/logo_new.png\",\"contentUrl\":\"https:\\\/\\\/www.fereastrawin.ro\\\/wp-content\\\/uploads\\\/2024\\\/03\\\/logo_new.png\",\"width\":167,\"height\":81,\"caption\":\"Fereastra WIN\"},\"image\":{\"@id\":\"https:\\\/\\\/www.fereastrawin.ro\\\/fr\\\/#\\\/schema\\\/logo\\\/image\\\/\"},\"sameAs\":[\"https:\\\/\\\/www.facebook.com\\\/fereastrawinofficial\\\/\"]}]}<\/script>\n<!-- \/ Yoast SEO plugin. -->","yoast_head_json":{"title":"Carri\u00e8res - Fereastra WIN","robots":{"index":"index","follow":"follow","max-snippet":"max-snippet:-1","max-image-preview":"max-image-preview:large","max-video-preview":"max-video-preview:-1"},"canonical":"https:\/\/www.fereastrawin.ro\/fr\/cariere\/","og_locale":"fr_FR","og_type":"article","og_title":"Carri\u00e8res - Fereastra WIN","og_description":"Rejoignez notre \u00e9quipe ! Construisez votre avenir dans un environnement professionnel, au sein d&#039;une \u00e9quipe soud\u00e9e et communicative qui fait preuve de professionnalisme et de responsabilit\u00e9. Saisissez les opportunit\u00e9s qui s&#039;offrent \u00e0 vous et rejoignez l&#039;\u00e9quipe de Win Window ! Consultant en vente Le candidat id\u00e9al &#8211; Une exp\u00e9rience dans le domaine est un avantage [&hellip;]","og_url":"https:\/\/www.fereastrawin.ro\/fr\/cariere\/","og_site_name":"Fereastra WIN","article_publisher":"https:\/\/www.facebook.com\/fereastrawinofficial\/","article_modified_time":"2024-04-17T16:03:33+00:00","twitter_card":"summary_large_image","twitter_misc":{"Dur\u00e9e de lecture estim\u00e9e":"3 minutes"},"schema":{"@context":"https:\/\/schema.org","@graph":[{"@type":"WebPage","@id":"https:\/\/www.fereastrawin.ro\/fr\/cariere\/","url":"https:\/\/www.fereastrawin.ro\/fr\/cariere\/","name":"Carri\u00e8res - Fereastra WIN","isPartOf":{"@id":"https:\/\/www.fereastrawin.ro\/fr\/#website"},"datePublished":"2024-04-01T20:07:31+00:00","dateModified":"2024-04-17T16:03:33+00:00","breadcrumb":{"@id":"https:\/\/www.fereastrawin.ro\/fr\/cariere\/#breadcrumb"},"inLanguage":"fr-FR","potentialAction":[{"@type":"ReadAction","target":["https:\/\/www.fereastrawin.ro\/fr\/cariere\/"]}]},{"@type":"BreadcrumbList","@id":"https:\/\/www.fereastrawin.ro\/fr\/cariere\/#breadcrumb","itemListElement":[{"@type":"ListItem","position":1,"name":"Home","item":"https:\/\/www.fereastrawin.ro\/fr\/"},{"@type":"ListItem","position":2,"name":"Carri\u00e8res"}]},{"@type":"WebSite","@id":"https:\/\/www.fereastrawin.ro\/fr\/#website","url":"https:\/\/www.fereastrawin.ro\/fr\/","name":"Fereastra WIN","description":"","publisher":{"@id":"https:\/\/www.fereastrawin.ro\/fr\/#organization"},"potentialAction":[{"@type":"SearchAction","target":{"@type":"EntryPoint","urlTemplate":"https:\/\/www.fereastrawin.ro\/fr\/?s={search_term_string}"},"query-input":{"@type":"PropertyValueSpecification","valueRequired":true,"valueName":"search_term_string"}}],"inLanguage":"fr-FR"},{"@type":"Organization","@id":"https:\/\/www.fereastrawin.ro\/fr\/#organization","name":"Fereastra WIN","url":"https:\/\/www.fereastrawin.ro\/fr\/","logo":{"@type":"ImageObject","inLanguage":"fr-FR","@id":"https:\/\/www.fereastrawin.ro\/fr\/#\/schema\/logo\/image\/","url":"https:\/\/www.fereastrawin.ro\/wp-content\/uploads\/2024\/03\/logo_new.png","contentUrl":"https:\/\/www.fereastrawin.ro\/wp-content\/uploads\/2024\/03\/logo_new.png","width":167,"height":81,"caption":"Fereastra WIN"},"image":{"@id":"https:\/\/www.fereastrawin.ro\/fr\/#\/schema\/logo\/image\/"},"sameAs":["https:\/\/www.facebook.com\/fereastrawinofficial\/"]}]}},"_links":{"self":[{"href":"https:\/\/www.fereastrawin.ro\/fr\/wp-json\/wp\/v2\/pages\/9400","targetHints":{"allow":["GET"]}}],"collection":[{"href":"https:\/\/www.fereastrawin.ro\/fr\/wp-json\/wp\/v2\/pages"}],"about":[{"href":"https:\/\/www.fereastrawin.ro\/fr\/wp-json\/wp\/v2\/types\/page"}],"author":[{"embeddable":true,"href":"https:\/\/www.fereastrawin.ro\/fr\/wp-json\/wp\/v2\/users\/4"}],"replies":[{"embeddable":true,"href":"https:\/\/www.fereastrawin.ro\/fr\/wp-json\/wp\/v2\/comments?post=9400"}],"version-history":[{"count":0,"href":"https:\/\/www.fereastrawin.ro\/fr\/wp-json\/wp\/v2\/pages\/9400\/revisions"}],"wp:attachment":[{"href":"https:\/\/www.fereastrawin.ro\/fr\/wp-json\/wp\/v2\/media?parent=9400"}],"curies":[{"name":"wp","href":"https:\/\/api.w.org\/{rel}","templated":true}]}}